{"id":1354,"date":"2025-03-27T16:47:37","date_gmt":"2025-03-27T15:47:37","guid":{"rendered":"https:\/\/domainedelaplage.com\/accommodatie\/"},"modified":"2026-03-17T11:38:59","modified_gmt":"2026-03-17T10:38:59","slug":"accommodatie","status":"publish","type":"page","link":"https:\/\/domainedelaplage.com\/nl\/accommodatie\/","title":{"rendered":"Accommodatie"},"content":{"rendered":"<div class=\"diaporama-header align-full\"><div class=\"gallery\"><figure class=\"gallery__item\"><picture><source srcset=\"https:\/\/domainedelaplage.com\/wp-content\/uploads\/2025\/04\/slide-mobilhome-camping-plage-ardeche-01-420x236.webp\" media=\"(max-width: 210px)\"><source srcset=\"https:\/\/domainedelaplage.com\/wp-content\/uploads\/2025\/04\/slide-mobilhome-camping-plage-ardeche-01-850x478.webp\" media=\"(max-width: 420px)\"><source srcset=\"https:\/\/domainedelaplage.com\/wp-content\/uploads\/2025\/04\/slide-mobilhome-camping-plage-ardeche-01-768x432.webp\" media=\"(max-width: 850px)\"><source srcset=\"https:\/\/domainedelaplage.com\/wp-content\/uploads\/2025\/04\/slide-mobilhome-camping-plage-ardeche-01-1024x576.webp\" media=\"(max-width: 1024px)\"><source srcset=\"https:\/\/domainedelaplage.com\/wp-content\/uploads\/2025\/04\/slide-mobilhome-camping-plage-ardeche-01.webp\" media=\"(min-width: 1025px)\"><img loading=\"lazy\" decoding=\"async\" src=\"https:\/\/domainedelaplage.com\/wp-content\/uploads\/2025\/04\/slide-mobilhome-camping-plage-ardeche-01-420x236.webp\" width=\"420\" height=\"210\" alt=\"\" title=\"\"><\/picture><\/figure><\/div><\/div>\n\n<div class=\"group mini\"><h1 style=\"text-align: center;\">Verblijf op Domaine de la Plage <span class=\"fc-span\">Stacaravans, chalets en g\u00eetes aan de oevers van de Ard\u00e8che<\/span><\/h1><p  style=\"text-align: center;\"  >Onze camping is een oase van rust aan de oevers van de <strong>Ard\u00e8che<\/strong>!<br><br>Of je nu op zoek bent naar comfort in een <strong>stacaravan<\/strong>, authenticiteit in een <strong>chalet<\/strong> of charme in een <strong>g\u00eete<\/strong>, profiteer van een uitzonderlijke natuurlijke <strong><a href=\"https:\/\/domainedelaplage.com\/nl\/omgeving\/\">omgeving <\/a><\/strong>voor een verjongend verblijf.<br><br>Geniet van een onvergetelijke vakantie op het ritme van de zon en het water.<\/p><div class=\"buttons display-flex \" style=\"justify-content:center;\"><span class=\"buttons__btn btn-resa-loc\">Boek uw verblijf<\/span><\/div><\/div>\n\n<div class=\"columns has-gris-background-color has-background align-full\" style=\"background-color:var(--gris);\"><div class=\"columns__item fade-left media\"><div class=\"gallery height-adapt f-carousel fc-diapo-mob\" data-fancybox=\"gallery-mob\"><figure class=\"gallery__item\"><picture><source srcset=\"https:\/\/domainedelaplage.com\/wp-content\/uploads\/2025\/04\/mobilhome-camping-ardeche-012-5-420x400.webp\" media=\"(max-width: 210px)\"><source srcset=\"https:\/\/domainedelaplage.com\/wp-content\/uploads\/2025\/04\/mobilhome-camping-ardeche-012-5-850x810.webp\" media=\"(max-width: 420px)\"><source srcset=\"https:\/\/domainedelaplage.com\/wp-content\/uploads\/2025\/04\/mobilhome-camping-ardeche-012-5-768x732.webp\" media=\"(max-width: 850px)\"><source srcset=\"https:\/\/domainedelaplage.com\/wp-content\/uploads\/2025\/04\/mobilhome-camping-ardeche-012-5.webp\" media=\"(max-width: 1024px)\"><source srcset=\"https:\/\/domainedelaplage.com\/wp-content\/uploads\/2025\/04\/mobilhome-camping-ardeche-012-5.webp\" media=\"(min-width: 1025px)\"><img decoding=\"async\" src=\"https:\/\/domainedelaplage.com\/wp-content\/uploads\/2025\/04\/mobilhome-camping-ardeche-012-5-420x400.webp\" width=\"420\" height=\"210\" loading=\"lazy\" alt=\"\" title=\"\"><\/picture><\/figure><\/div><\/div><div class=\"columns__item fade-right texte\"><h2>Huur <span class=\"fc-span\">een stacaravan in de Ard\u00e8che<\/span><\/h2><p    >Onze camping biedt een ruime keuze aan <strong>stacaravans<\/strong>, al dan niet met airconditioning, voor <strong>4 tot 6 personen<\/strong>, ideaal voor een vakantie met het gezin of met vrienden.<\/p><p    >Er zijn verschillende modellen beschikbaar: de klassiekers, de comforts, de comforts plus en de premium serie voor nog meer comfort, en niet te vergeten de opties met PRM-toegang. Van <strong>24m\u00b2 tot 32m\u00b2<\/strong>, je vindt zeker een accommodatie die past bij je behoeften en budget. <\/p><div class=\"lireplus fc-desk\"><p    >Lees<\/p><div class=\"group\"><p    >Al onze stacaravans bieden modern comfort met een <strong>volledig uitgeruste keuken<\/strong>, een gezellige woonkamer, een badkamer met douche en een overdekt terras om te genieten van de warme zomeravonden.<\/p><p    ><strong>Domaine de la Plage<\/strong> is ook de ideale uitvalsbasis om <strong>de Ard\u00e8che<\/strong> te verkennen, met zijn spectaculaire kloven, pittoreske dorpjes en vele buitenactiviteiten, zoals wandelen, fietsen en kano\u00ebn op de <strong><a href=\"https:\/\/domainedelaplage.com\/nl\/ruisseau\/\">rivier<\/a><\/strong>.<\/p><\/div><\/div><\/div><\/div>\n\n<div class=\"columns reverse-mob has-vert-background-color has-background align-full\" style=\"background-color:var(--vert);\"><div class=\"columns__item fade-left texte\"><h2>Verblijf in een g\u00eete op onze <span class=\"fc-span\">camping aan de rivier<\/span><\/h2><p    >Ontdek onze <strong>g\u00eetes in de Ard\u00e8che<\/strong> in het hart van een oude rivierstenen molen.<\/p><p    >Ideaal voor een verkwikkende vakantie in de <strong><a href=\"https:\/\/domainedelaplage.com\/nl\/natuurcamping-in-de-ardeche\/\">natuur <\/a><\/strong>ze combineren charme, comfort en authenticiteit.<\/p><p    >Geniet na een dag wandelen, kano\u00ebn of ontspannen van een speciaal moment op je buitenterras met een <strong>adembenemend uitzicht op de Ard\u00e8che<\/strong>.<\/p><div class=\"lireplus fc-desk\"><p    >Lees<\/p><div class=\"group\"><p    >Onze ruime g\u00eetes liggen in het <strong>charmante dorpje Meyras<\/strong> en bieden plaats aan maximaal <strong>6 personen<\/strong>. Verken in de buurt het R\u00e9serve Naturelle des Montagnes d&#8217;Ard\u00e8che, ontdek <strong>de thermale baden van Neyrac-les-Bains<\/strong>, slenter over de plaatselijke markt of ga avontuurlijk op pad met kano\u00ebn en andere buiten<strong><a href=\"https:\/\/domainedelaplage.com\/nl\/activiteiten\/\">activiteiten<\/a><\/strong>.<\/p><p    >S\u00e9journer dans un <strong>g\u00eete au Domaine de la Plage<\/strong>, c\u2019est profiter de tous les avantages d\u2019un camping 4 \u00e9toiles avec piscine, tout en gardant votre intimit\u00e9 et un confort absolu. <strong>De 50 m\u00b2 \u00e0 140 m\u00b2<\/strong>, trouvez l\u2019h\u00e9bergement qui vous correspond pour des vacances inoubliables en Ard\u00e8che !<\/p><\/div><\/div><\/div><div class=\"columns__item fade-right media\"><div class=\"gallery height-adapt f-carousel fc-diapo-mob\" data-fancybox=\"gallery-mob\"><figure class=\"gallery__item\"><picture><source srcset=\"https:\/\/domainedelaplage.com\/wp-content\/uploads\/2025\/04\/00000372863-2-420x402.webp\" media=\"(max-width: 210px)\"><source srcset=\"https:\/\/domainedelaplage.com\/wp-content\/uploads\/2025\/04\/00000372863-2-850x813.webp\" media=\"(max-width: 420px)\"><source srcset=\"https:\/\/domainedelaplage.com\/wp-content\/uploads\/2025\/04\/00000372863-2-768x734.webp\" media=\"(max-width: 850px)\"><source srcset=\"https:\/\/domainedelaplage.com\/wp-content\/uploads\/2025\/04\/00000372863-2.webp\" media=\"(max-width: 1024px)\"><source srcset=\"https:\/\/domainedelaplage.com\/wp-content\/uploads\/2025\/04\/00000372863-2.webp\" media=\"(min-width: 1025px)\"><img decoding=\"async\" src=\"https:\/\/domainedelaplage.com\/wp-content\/uploads\/2025\/04\/00000372863-2-420x402.webp\" width=\"420\" height=\"210\" loading=\"lazy\" alt=\"\" title=\"\"><\/picture><\/figure><\/div><\/div><\/div>\n\n<div class=\"group sec-fond align-full\"><figure class=\"fond is-fixed\" data-bgimage=\"https:\/\/domainedelaplage.com\/wp-content\/uploads\/2025\/03\/fond-texture-sombre.webp\" data-bgimagexs=\"https:\/\/domainedelaplage.com\/wp-content\/uploads\/2025\/03\/fond-texture-sombre-768x576.webp\"><\/figure><p class=\"wording\" style=\"text-align: center;\"  >Even weg uit de natuur en authenticiteit <span class=\"fc-span\">voor een onvergetelijke vakantie<\/span><\/p><\/div>\n\n<div class=\"columns reverse-mob align-full\"><div class=\"columns__item fade-left texte\"><h2>Ontdek onze <span class=\"fc-span\">huurchalets in de Zuid-Ard\u00e8che<\/span><\/h2><p    >Dompel jezelf onder in het hart van het platteland van de Ard\u00e8che en geniet van het <strong>moderne comfort<\/strong> van onze volledig uitgeruste chalets, ontworpen voor 4 tot 6 personen.<\/p><p    >Met <strong>2 of 3 slaapkamers<\/strong> zijn ze perfect voor vakanties.<\/p><p    >Elk chalet biedt een <strong>geoptimaliseerde leefruimte<\/strong> met een gezellige woonkamer, een volledig uitgeruste keuken (oven, magnetron, vaatwasser, koelkast), een badkamer met douche en een apart toilet.<\/p><div class=\"lireplus fc-desk\"><p    >Lees<\/p><div class=\"group\"><p    >Buiten vind je een <strong>terras<\/strong> met tuinmeubilair, ideaal om buiten te eten. Dankzij de muskietennetten en airconditioning geniet je van absoluut comfort, ongeacht het seizoen.<br>Praktische info: Slechts \u00e9\u00e9n auto per huuraccommodatie toegestaan en tenten zijn niet toegestaan op de staanplaats. <\/p><p    >Trakteer jezelf op een <strong>authentieke en<\/strong> ontspannen vakantie in het hart van een ongerepte natuurlijke omgeving.<\/p><\/div><\/div><\/div><div class=\"columns__item fade-right media\"><div class=\"gallery height-adapt\"><figure class=\"gallery__item\"><picture><source srcset=\"https:\/\/domainedelaplage.com\/wp-content\/uploads\/2025\/04\/00000482981-1-420x402.webp\" media=\"(max-width: 210px)\"><source srcset=\"https:\/\/domainedelaplage.com\/wp-content\/uploads\/2025\/04\/00000482981-1-850x813.webp\" media=\"(max-width: 420px)\"><source srcset=\"https:\/\/domainedelaplage.com\/wp-content\/uploads\/2025\/04\/00000482981-1-768x734.webp\" media=\"(max-width: 850px)\"><source srcset=\"https:\/\/domainedelaplage.com\/wp-content\/uploads\/2025\/04\/00000482981-1.webp\" media=\"(max-width: 1024px)\"><source srcset=\"https:\/\/domainedelaplage.com\/wp-content\/uploads\/2025\/04\/00000482981-1.webp\" media=\"(min-width: 1025px)\"><img decoding=\"async\" src=\"https:\/\/domainedelaplage.com\/wp-content\/uploads\/2025\/04\/00000482981-1-420x402.webp\" width=\"420\" height=\"210\" loading=\"lazy\" alt=\"\" title=\"\"><\/picture><\/figure><\/div><\/div><\/div>","protected":false},"excerpt":{"rendered":"<p>Verblijf op Domaine de la Plage Stacaravans, chalets en g\u00eetes aan de oevers van de Ard\u00e8che Onze camping is een oase van rust aan de oevers van de Ard\u00e8che! Of je nu op zoek bent naar comfort in een stacaravan, authenticiteit in een chalet of charme in een g\u00eete, profiteer van een uitzonderlijke natuurlijke omgeving [&hellip;]<\/p>\n","protected":false},"author":1,"featured_media":0,"parent":0,"menu_order":0,"comment_status":"open","ping_status":"open","template":"","meta":{"_acf_changed":false,"footnotes":""},"acf":[],"_links":{"self":[{"href":"https:\/\/domainedelaplage.com\/nl\/wp-json\/wp\/v2\/pages\/1354"}],"collection":[{"href":"https:\/\/domainedelaplage.com\/nl\/wp-json\/wp\/v2\/pages"}],"about":[{"href":"https:\/\/domainedelaplage.com\/nl\/wp-json\/wp\/v2\/types\/page"}],"author":[{"embeddable":true,"href":"https:\/\/domainedelaplage.com\/nl\/wp-json\/wp\/v2\/users\/1"}],"replies":[{"embeddable":true,"href":"https:\/\/domainedelaplage.com\/nl\/wp-json\/wp\/v2\/comments?post=1354"}],"version-history":[{"count":10,"href":"https:\/\/domainedelaplage.com\/nl\/wp-json\/wp\/v2\/pages\/1354\/revisions"}],"predecessor-version":[{"id":2509,"href":"https:\/\/domainedelaplage.com\/nl\/wp-json\/wp\/v2\/pages\/1354\/revisions\/2509"}],"wp:attachment":[{"href":"https:\/\/domainedelaplage.com\/nl\/wp-json\/wp\/v2\/media?parent=1354"}],"curies":[{"name":"wp","href":"https:\/\/api.w.org\/{rel}","templated":true}]}}