{"id":1327,"date":"2025-03-27T16:47:37","date_gmt":"2025-03-27T15:47:37","guid":{"rendered":"https:\/\/domainedelaplage.com\/activiteiten\/"},"modified":"2025-10-29T10:45:59","modified_gmt":"2025-10-29T09:45:59","slug":"activiteiten","status":"publish","type":"page","link":"https:\/\/domainedelaplage.com\/nl\/activiteiten\/","title":{"rendered":"Activiteiten"},"content":{"rendered":"<div class=\"diaporama-header align-full\"><div class=\"gallery\"><figure class=\"gallery__item\"><picture><source srcset=\"https:\/\/domainedelaplage.com\/wp-content\/uploads\/2025\/04\/AdobeStock_730414-420x297.webp\" media=\"(max-width: 210px)\"><source srcset=\"https:\/\/domainedelaplage.com\/wp-content\/uploads\/2025\/04\/AdobeStock_730414-850x601.webp\" media=\"(max-width: 420px)\"><source srcset=\"https:\/\/domainedelaplage.com\/wp-content\/uploads\/2025\/04\/AdobeStock_730414-768x543.webp\" media=\"(max-width: 850px)\"><source srcset=\"https:\/\/domainedelaplage.com\/wp-content\/uploads\/2025\/04\/AdobeStock_730414-1024x724.webp\" media=\"(max-width: 1024px)\"><source srcset=\"https:\/\/domainedelaplage.com\/wp-content\/uploads\/2025\/04\/AdobeStock_730414.webp\" media=\"(min-width: 1025px)\"><img loading=\"lazy\" decoding=\"async\" src=\"https:\/\/domainedelaplage.com\/wp-content\/uploads\/2025\/04\/AdobeStock_730414-420x297.webp\" width=\"420\" height=\"210\" alt=\"\" title=\"\"><\/picture><\/figure><\/div><\/div>\n\n<div class=\"group mini\"><h1 style=\"text-align: center;\">Activiteiten voor iedereen, <span class=\"fc-span\">herinneringen voor het leven<\/span><\/h1><p  style=\"text-align: center;\"  >In Domaine de la Plage verlopen de dagen zonder druk, op het ritme van de zon en uw wensen. Hier geen strak programma of luide muziek: de activiteiten zijn bedoeld voor volwassenen die op zoek zijn naar rust, eenvoudig plezier en bijzondere momenten.<br><\/p><p  style=\"text-align: center;\"  >Begin de dag rustig met een sessie zen-aquagym of yoga aan de oever van de rivier.<br>Adem, rek u uit, laat het ruisen van het water de meldingen van uw mobiele telefoon vervangen.<\/p><p  style=\"text-align: center;\"  ><br>Het lichaam wordt wakker, de geest komt tot rust \u2014 u bent eindelijk op vakantie.<\/p><\/div>\n\n<div class=\"group sec-10 align-full\"><div class=\"gallery\"><figure class=\"gallery__item\"><picture><source srcset=\"https:\/\/domainedelaplage.com\/wp-content\/uploads\/2025\/10\/AdobeStock_544135823-2-2-1-420x280.jpeg.webp\" media=\"(max-width: 210px)\"><source srcset=\"https:\/\/domainedelaplage.com\/wp-content\/uploads\/2025\/10\/AdobeStock_544135823-2-2-1-850x567.jpeg.webp\" media=\"(max-width: 420px)\"><source srcset=\"https:\/\/domainedelaplage.com\/wp-content\/uploads\/2025\/10\/AdobeStock_544135823-2-2-1-768x512.jpeg.webp\" media=\"(max-width: 850px)\"><source srcset=\"https:\/\/domainedelaplage.com\/wp-content\/uploads\/2025\/10\/AdobeStock_544135823-2-2-1-1024x683.jpeg.webp\" media=\"(max-width: 1024px)\"><source srcset=\"https:\/\/domainedelaplage.com\/wp-content\/uploads\/2025\/10\/AdobeStock_544135823-2-2-1-scaled.jpeg.webp\" media=\"(min-width: 1025px)\"><img decoding=\"async\" src=\"https:\/\/domainedelaplage.com\/wp-content\/uploads\/2025\/10\/AdobeStock_544135823-2-2-1-420x280.jpeg.webp\" width=\"420\" height=\"210\" alt=\"randonn\u00e9e en ard\u00e8che pr\u00e8s du camping\" loading=\"lazy\" title=\"\"><\/picture><\/figure><\/div><div class=\"columns reverse-mob\"><div class=\"columns__item\"><ul class=\"pictos\"><li class=\"fade-up\">Yoga\n<\/li><li class=\"fade-down\"><span class=\"fc-icon\"><svg xmlns=\"http:\/\/www.w3.org\/2000\/svg\"  viewBox=\"0 0 384 512\" width=\"16px\" height=\"16px\"><!--! Font Awesome Pro 6.4.2 by @fontawesome - https:\/\/fontawesome.com License - https:\/\/fontawesome.com\/license (Commercial License) Copyright 2023 Fonticons, Inc.--><path d=\"M288 56a24 24 0 1 0 -48 0 24 24 0 1 0 48 0zm-80 0a56 56 0 1 1 112 0A56 56 0 1 1 208 56zM102.9 128.4c-19 2.5-35 16.1-40.1 35L40.2 246.3l31.9 5.3 30.8-123.2zm-1.5 138.1c-3 12.1-14.9 19.9-27.2 17.9l-47.9-8c-14-2.3-22.9-16.3-19.2-30L31.9 155c9.5-34.8 41.1-59 77.2-59h4.2c15.6 0 27.1 14.7 23.3 29.8L101.4 266.5zM368 160c8.8 0 16 7.2 16 16V496c0 8.8-7.2 16-16 16s-16-7.2-16-16V256H312.8c-10.9 0-21.1-5.6-27-14.8l-20.7-32.5L237.2 333.5l36.6 24.4c8.9 5.9 14.2 15.9 14.2 26.6V496c0 8.8-7.2 16-16 16s-16-7.2-16-16V384.6l-95-63.3c-16.3-10.8-24.3-30.4-20.4-49.6l19.8-96.5c6.1-29.9 35.1-49.3 65-43.7c20.6 3.9 38.7 16.1 50 33.8L312.8 224H352V176c0-8.8 7.2-16 16-16zM123.7 334.8c.5 .4 1.1 .8 1.6 1.1l26.4 17.6L111.4 500.2c-2.3 8.5-11.1 13.5-19.7 11.2s-13.5-11.2-11.2-19.7l43.2-157zm68.1-153.2L172 278.1c-1.3 6.4 1.4 12.9 6.8 16.5l29.8 19.9L240.3 173c-5.8-5.1-13-8.6-20.7-10c-12.8-2.4-25.1 5.9-27.8 18.6z\"\/><\/svg><\/span>  Wandelen\n<\/li><li class=\"fade-up\"><span class=\"fc-icon\"><svg xmlns=\"http:\/\/www.w3.org\/2000\/svg\" viewBox=\"0 0 512 512\"><!--!Font Awesome Pro 6.7.2 by @fontawesome - https:\/\/fontawesome.com License - https:\/\/fontawesome.com\/license (Commercial License) Copyright 2025 Fonticons, Inc.--><path d=\"M290.7 477.3c-1.8-9.5-2.7-19.3-2.7-29.3c0-38.4 13.5-73.7 36.1-101.3l78.6 78.6c-31 26.9-69.5 45.4-112 52zm-32 2.7c-.9 0-1.8 0-2.7 0c-56.1 0-107.4-20.6-146.7-54.7L256 278.6 301.4 324C273.1 357.5 256 400.7 256 448c0 10.9 .9 21.6 2.7 32zM324 301.4L278.6 256 425.3 109.3C459.4 148.6 480 199.9 480 256c0 .9 0 1.8 0 2.7c-10.4-1.7-21.1-2.7-32-2.7c-47.3 0-90.5 17.1-124 45.4zm22.7 22.7C374.3 301.5 409.6 288 448 288c10 0 19.8 .9 29.3 2.7c-6.6 42.5-25.1 81-52 112l-78.6-78.6zM256 233.4L210.6 188C238.9 154.5 256 111.3 256 64c0-10.9-.9-21.6-2.7-32c.9 0 1.8 0 2.7 0c56.1 0 107.4 20.6 146.7 54.7L256 233.4zm-68.1-68.1L109.3 86.7c31-26.9 69.5-45.4 112-52C223.1 44.2 224 54 224 64c0 38.4-13.5 73.7-36.1 101.3zm-22.6 22.6C137.7 210.5 102.4 224 64 224c-10 0-19.8-.9-29.3-2.7c6.6-42.5 25.1-81 52-112l78.6 78.6zM32 253.3c10.4 1.7 21.1 2.7 32 2.7c47.3 0 90.5-17.1 124-45.4L233.4 256 86.7 402.7C52.6 363.4 32 312.1 32 256c0-.9 0-1.8 0-2.7zM256 512A256 256 0 1 0 256 0a256 256 0 1 0 0 512z\"\/><\/svg><\/span>  Jeu de boules\n<\/li><\/ul><\/div><div class=\"columns__item texte has-blanc-background-color has-background\" style=\"background-color:var(--blanc);\"><h2>Sportactiviteiten <span class=\"fc-span\">op onze camping<\/span><\/h2><p    >Wandelen over vulkanische paden, fietsen tussen de kastanjebomen, zwemmen in het heldere water van de Ard\u00e8che\u2026<\/p><p    >Twee wandelingen vertrekken rechtstreeks vanaf de camping: de ene naar het dorp Meyras, de andere naar een vulkaan met een prachtig 360\u00b0 panoramisch uitzicht op de Cevennen, de Ard\u00e8che, de Rh\u00f4nevallei, het Alpenmassief en het plateau van de Ard\u00e8che.<br>Elke activiteit is een uitnodiging om weer in contact te komen met de natuur.<\/p><p    >Het avontuur verloopt hier in uw eigen tempo.<\/p><\/div><\/div><\/div>\n\n<div class=\"group sec-fond align-full\"><figure class=\"fond is-fixed\" data-bgimage=\"https:\/\/domainedelaplage.com\/wp-content\/uploads\/2025\/03\/fond-texture-sombre.webp\" data-bgimagexs=\"https:\/\/domainedelaplage.com\/wp-content\/uploads\/2025\/03\/fond-texture-sombre-768x576.webp\"><\/figure><p class=\"wording\" style=\"text-align: center;\"  >Van &#8217;s ochtends vroeg tot &#8217;s avonds laat in de zomer <span class=\"fc-span\">begeleidt het geluid van krekels elk moment in ons Domaine<\/span>.<\/p><\/div>\n\n<div class=\"columns reverse-mob has-vert-background-color has-background align-full\" style=\"background-color:var(--vert);\"><div class=\"columns__item fade-left texte\"><h2>Wateractiviteiten <span class=\"fc-span\">bij ons in de buurt<\/span><\/h2><p    >De Ard\u00e8che is ideaal voor watersporten. Profiteer van onze partneraanbiedingen voor kano\u00ebn of canyoning in een van de mooiste gebieden van Europa, op slechts een uur van de camping, met openbaar vervoer. <\/p><p    >Voor een rustigere activiteit kun je deelnemen aan onze aquagym-sessies in een gezellige sfeer. Of je nu van avontuur of ontspanning houdt, water is hier een must. <\/p><\/div><div class=\"columns__item fade-right media\"><div class=\"gallery height-adapt f-carousel fc-diapo-mob\" data-fancybox=\"gallery-mob\"><figure class=\"gallery__item\"><picture><source srcset=\"https:\/\/domainedelaplage.com\/wp-content\/uploads\/2025\/04\/AdobeStock_428526242-281x420.webp\" media=\"(max-width: 210px)\"><source srcset=\"https:\/\/domainedelaplage.com\/wp-content\/uploads\/2025\/04\/AdobeStock_428526242-568x850.webp\" media=\"(max-width: 420px)\"><source srcset=\"https:\/\/domainedelaplage.com\/wp-content\/uploads\/2025\/04\/AdobeStock_428526242-768x1150.webp\" media=\"(max-width: 850px)\"><source srcset=\"https:\/\/domainedelaplage.com\/wp-content\/uploads\/2025\/04\/AdobeStock_428526242-684x1024.webp\" media=\"(max-width: 1024px)\"><source srcset=\"https:\/\/domainedelaplage.com\/wp-content\/uploads\/2025\/04\/AdobeStock_428526242.webp\" media=\"(min-width: 1025px)\"><img decoding=\"async\" src=\"https:\/\/domainedelaplage.com\/wp-content\/uploads\/2025\/04\/AdobeStock_428526242-281x420.webp\" width=\"420\" height=\"210\" loading=\"lazy\" alt=\"\" title=\"\"><\/picture><\/figure><\/div><\/div><\/div>\n\n<div class=\"columns align-full\"><div class=\"columns__item fade-left media\"><div class=\"gallery height-adapt\"><figure class=\"gallery__item\"><picture><source srcset=\"https:\/\/domainedelaplage.com\/wp-content\/uploads\/2025\/04\/AdobeStock_138715755-420x279.webp\" media=\"(max-width: 210px)\"><source srcset=\"https:\/\/domainedelaplage.com\/wp-content\/uploads\/2025\/04\/AdobeStock_138715755-850x565.webp\" media=\"(max-width: 420px)\"><source srcset=\"https:\/\/domainedelaplage.com\/wp-content\/uploads\/2025\/04\/AdobeStock_138715755-768x511.webp\" media=\"(max-width: 850px)\"><source srcset=\"https:\/\/domainedelaplage.com\/wp-content\/uploads\/2025\/04\/AdobeStock_138715755-1024x681.webp\" media=\"(max-width: 1024px)\"><source srcset=\"https:\/\/domainedelaplage.com\/wp-content\/uploads\/2025\/04\/AdobeStock_138715755.webp\" media=\"(min-width: 1025px)\"><img decoding=\"async\" src=\"https:\/\/domainedelaplage.com\/wp-content\/uploads\/2025\/04\/AdobeStock_138715755-420x279.webp\" width=\"420\" height=\"210\" loading=\"lazy\" alt=\"\" title=\"\"><\/picture><\/figure><\/div><\/div><div class=\"columns__item fade-right texte\"><h2>Momenten van delen voor onvergetelijke avonden<\/h2><p    >Aan het einde van de dag heerst er een gezellige maar altijd rustige sfeer:<br>aperitiefjes, proeverijen van wijnen en lokale producten, jazzy avonden of chique hapjes onder de platanen.<\/p><p    >Eenvoudige en oprechte momenten, waarop we de wereld opnieuw uitvinden onder het genot van een goed glas, ver weg van de drukte van de menigte.<\/p><h2>\ud83d\udd6f De kunst van actieve rust<\/h2><p    >Want bij Domaine de la Plage is \u2018niets doen\u2019 ook een activiteit op zich.<br>Met een boek in de hand, de voeten in het water en het gekabbel van de rivier op de achtergrond: de echte prestatie is om volledig los te komen van alles.<\/p><\/div><\/div>\n\n<div class=\"group sec-fond align-full\"><figure class=\"fond is-fixed\" data-bgimage=\"https:\/\/domainedelaplage.com\/wp-content\/uploads\/2025\/03\/fond-texture-sombre.webp\" data-bgimagexs=\"https:\/\/domainedelaplage.com\/wp-content\/uploads\/2025\/03\/fond-texture-sombre-768x576.webp\"><\/figure><p  style=\"text-align: center;\"  >\ud83c\udf38 Hier is elke dag een pauze op maat.<br>Laat u meevoeren\u2026 wij zorgen voor de rest.<\/p><\/div>","protected":false},"excerpt":{"rendered":"<p>Activiteiten voor iedereen, herinneringen voor het leven In Domaine de la Plage verlopen de dagen zonder druk, op het ritme van de zon en uw wensen. Hier geen strak programma of luide muziek: de activiteiten zijn bedoeld voor volwassenen die op zoek zijn naar rust, eenvoudig plezier en bijzondere momenten. Begin de dag rustig met [&hellip;]<\/p>\n","protected":false},"author":1,"featured_media":0,"parent":0,"menu_order":0,"comment_status":"open","ping_status":"open","template":"","meta":{"_acf_changed":false,"footnotes":""},"acf":[],"_links":{"self":[{"href":"https:\/\/domainedelaplage.com\/nl\/wp-json\/wp\/v2\/pages\/1327"}],"collection":[{"href":"https:\/\/domainedelaplage.com\/nl\/wp-json\/wp\/v2\/pages"}],"about":[{"href":"https:\/\/domainedelaplage.com\/nl\/wp-json\/wp\/v2\/types\/page"}],"author":[{"embeddable":true,"href":"https:\/\/domainedelaplage.com\/nl\/wp-json\/wp\/v2\/users\/1"}],"replies":[{"embeddable":true,"href":"https:\/\/domainedelaplage.com\/nl\/wp-json\/wp\/v2\/comments?post=1327"}],"version-history":[{"count":12,"href":"https:\/\/domainedelaplage.com\/nl\/wp-json\/wp\/v2\/pages\/1327\/revisions"}],"predecessor-version":[{"id":1926,"href":"https:\/\/domainedelaplage.com\/nl\/wp-json\/wp\/v2\/pages\/1327\/revisions\/1926"}],"wp:attachment":[{"href":"https:\/\/domainedelaplage.com\/nl\/wp-json\/wp\/v2\/media?parent=1327"}],"curies":[{"name":"wp","href":"https:\/\/api.w.org\/{rel}","templated":true}]}}