{"id":1351,"date":"2025-03-27T16:47:37","date_gmt":"2025-03-27T15:47:37","guid":{"rendered":"https:\/\/domainedelaplage.com\/lodging\/"},"modified":"2025-10-21T10:00:55","modified_gmt":"2025-10-21T08:00:55","slug":"lodging","status":"publish","type":"page","link":"https:\/\/domainedelaplage.com\/en\/lodging\/","title":{"rendered":"Lodging"},"content":{"rendered":"<div class=\"diaporama-header align-full\"><div class=\"gallery\"><figure class=\"gallery__item\"><picture><source srcset=\"https:\/\/domainedelaplage.com\/wp-content\/uploads\/2025\/04\/slide-mobilhome-camping-plage-ardeche-01-420x236.webp\" media=\"(max-width: 210px)\"><source srcset=\"https:\/\/domainedelaplage.com\/wp-content\/uploads\/2025\/04\/slide-mobilhome-camping-plage-ardeche-01-850x478.webp\" media=\"(max-width: 420px)\"><source srcset=\"https:\/\/domainedelaplage.com\/wp-content\/uploads\/2025\/04\/slide-mobilhome-camping-plage-ardeche-01-768x432.webp\" media=\"(max-width: 850px)\"><source srcset=\"https:\/\/domainedelaplage.com\/wp-content\/uploads\/2025\/04\/slide-mobilhome-camping-plage-ardeche-01-1024x576.webp\" media=\"(max-width: 1024px)\"><source srcset=\"https:\/\/domainedelaplage.com\/wp-content\/uploads\/2025\/04\/slide-mobilhome-camping-plage-ardeche-01.webp\" media=\"(min-width: 1025px)\"><img loading=\"lazy\" decoding=\"async\" src=\"https:\/\/domainedelaplage.com\/wp-content\/uploads\/2025\/04\/slide-mobilhome-camping-plage-ardeche-01-420x236.webp\" width=\"420\" height=\"210\" alt=\"\" title=\"\"><\/picture><\/figure><\/div><\/div><div class=\"group mini\"><h1 style=\"text-align: center;\">Stay at Domaine de la Plage <span class=\"fc-span\">Mobile homes, chalets and g\u00eetes on the banks of the Ard\u00e8che river<\/span><\/h1><p  style=\"text-align: center;\"  >With us, it&#8217;s a haven of peace nestled on the banks of the<strong>Ard\u00e8che<\/strong>!<br\/><br\/>Whether you&#8217;re looking for comfort in a <strong>mobile home<\/strong>, authenticity in a <strong>chalet<\/strong> or charm in a <strong>g\u00eete<\/strong>, enjoy an exceptional natural setting for a rejuvenating stay.<br\/><br\/>Enjoy unforgettable vacations to the rhythm of the sun and the water.<\/p><div class=\"buttons display-flex \" style=\"justify-content:center;\"><span class=\"buttons__btn btn-resa-loc\">Book your stay<\/span><\/div><\/div><div class=\"columns has-gris-background-color has-background align-full\" style=\"background-color:var(--gris);\"><div class=\"columns__item fade-left media\"><div class=\"gallery height-adapt f-carousel fc-diapo-mob\" data-fancybox=\"gallery-mob\"><figure class=\"gallery__item\"><picture><source srcset=\"https:\/\/domainedelaplage.com\/wp-content\/uploads\/2025\/04\/mobilhome-camping-ardeche-012-5-420x400.webp\" media=\"(max-width: 210px)\"><source srcset=\"https:\/\/domainedelaplage.com\/wp-content\/uploads\/2025\/04\/mobilhome-camping-ardeche-012-5-850x810.webp\" media=\"(max-width: 420px)\"><source srcset=\"https:\/\/domainedelaplage.com\/wp-content\/uploads\/2025\/04\/mobilhome-camping-ardeche-012-5-768x732.webp\" media=\"(max-width: 850px)\"><source srcset=\"https:\/\/domainedelaplage.com\/wp-content\/uploads\/2025\/04\/mobilhome-camping-ardeche-012-5.webp\" media=\"(max-width: 1024px)\"><source srcset=\"https:\/\/domainedelaplage.com\/wp-content\/uploads\/2025\/04\/mobilhome-camping-ardeche-012-5.webp\" media=\"(min-width: 1025px)\"><img decoding=\"async\" src=\"https:\/\/domainedelaplage.com\/wp-content\/uploads\/2025\/04\/mobilhome-camping-ardeche-012-5-420x400.webp\" width=\"420\" height=\"210\" loading=\"lazy\" alt=\"\" title=\"\"><\/picture><\/figure><\/div><\/div><div class=\"columns__item fade-right texte\"><h2>Stay in a <span class=\"fc-span\">mobile home rental in Ard\u00e8che<\/span><\/h2><p    >Our campsite offers a wide choice of <strong>mobile homes<\/strong>, air-conditioned or not, for <strong>4 to 6 people<\/strong>, perfect for vacations with family or friends.<\/p><p    >Several models are available: classics, comforts, comforts plus and the premium range for even greater comfort, not forgetting options with PRM access. From <strong>24m\u00b2 to 32m\u00b2<\/strong>, you&#8217;re bound to find accommodation to suit your needs and budget. <\/p><div class=\"lireplus fc-desk\"><p    >Read<\/p><div class=\"group\"><p    >All our mobile homes offer modern comfort with <strong>fully-equipped kitchen<\/strong>, convivial living room, bathroom with shower and covered terrace to make the most of the warm summer evenings.<\/p><p    ><strong>Domaine de la Plage<\/strong> is also the ideal starting point for exploring <strong>the Ard\u00e8che region<\/strong>, with its spectacular gorges, picturesque villages and numerous outdoor activities: hiking, cycling or canoeing down the river.<\/p><\/div><\/div><\/div><\/div><div class=\"columns reverse-mob has-vert-background-color has-background align-full\" style=\"background-color:var(--vert);\"><div class=\"columns__item fade-left texte\"><h2>Stay in a g\u00eete in our <span class=\"fc-span\">riverside campsite<\/span><\/h2><p    >Discover our <strong>Ard\u00e8che g\u00eetes<\/strong> in the heart of an old river stone mill.<\/p><p    >Ideal for a rejuvenating stay in the heart of nature, with <strong>family or friends<\/strong>, they combine charm, comfort and authenticity.<\/p><p    >After a day of hiking, canoeing or relaxing, enjoy a privileged moment on your outdoor terrace with a <strong>breathtaking view of the Ard\u00e8che<\/strong>.<\/p><div class=\"lireplus fc-desk\"><p    >Read<\/p><div class=\"group\"><p    >Located in the <strong>charming village of Meyras<\/strong>, our spacious g\u00eetes can accommodate up to <strong>6 people<\/strong>. Nearby, explore the R\u00e9serve Naturelle des Montagnes d&#8217;Ard\u00e8che, discover the <strong>thermal baths of Neyrac-les-Bains<\/strong>, stroll through the local market or get adventurous with canoeing and other outdoor activities. <\/p><p    >S\u00e9journer dans un <strong>g\u00eete au Domaine de la Plage<\/strong>, c\u2019est profiter de tous les avantages d\u2019un camping 4 \u00e9toiles avec piscine, tout en gardant votre intimit\u00e9 et un confort absolu. <strong>De 50 m\u00b2 \u00e0 140 m\u00b2<\/strong>, trouvez l\u2019h\u00e9bergement qui vous correspond pour des vacances inoubliables en Ard\u00e8che !<\/p><\/div><\/div><\/div><div class=\"columns__item fade-right media\"><div class=\"gallery height-adapt f-carousel fc-diapo-mob\" data-fancybox=\"gallery-mob\"><figure class=\"gallery__item\"><picture><source srcset=\"https:\/\/domainedelaplage.com\/wp-content\/uploads\/2025\/04\/00000372863-2-420x402.webp\" media=\"(max-width: 210px)\"><source srcset=\"https:\/\/domainedelaplage.com\/wp-content\/uploads\/2025\/04\/00000372863-2-850x813.webp\" media=\"(max-width: 420px)\"><source srcset=\"https:\/\/domainedelaplage.com\/wp-content\/uploads\/2025\/04\/00000372863-2-768x734.webp\" media=\"(max-width: 850px)\"><source srcset=\"https:\/\/domainedelaplage.com\/wp-content\/uploads\/2025\/04\/00000372863-2.webp\" media=\"(max-width: 1024px)\"><source srcset=\"https:\/\/domainedelaplage.com\/wp-content\/uploads\/2025\/04\/00000372863-2.webp\" media=\"(min-width: 1025px)\"><img decoding=\"async\" src=\"https:\/\/domainedelaplage.com\/wp-content\/uploads\/2025\/04\/00000372863-2-420x402.webp\" width=\"420\" height=\"210\" loading=\"lazy\" alt=\"\" title=\"\"><\/picture><\/figure><\/div><\/div><\/div><div class=\"group sec-fond align-full\"><figure class=\"fond is-fixed\" data-bgimage=\"https:\/\/domainedelaplage.com\/wp-content\/uploads\/2025\/03\/fond-texture-sombre.webp\" data-bgimagexs=\"https:\/\/domainedelaplage.com\/wp-content\/uploads\/2025\/03\/fond-texture-sombre-768x576.webp\"><\/figure><p class=\"wording\" style=\"text-align: center;\"  >Treat yourself to a break from nature and authenticity <span class=\"fc-span\">for an unforgettable vacation<\/span>.<\/p><\/div><div class=\"columns reverse-mob align-full\"><div class=\"columns__item fade-left texte\"><h2>Discover our <span class=\"fc-span\">chalets for rent in South Ard\u00e8che<\/span><\/h2><p    >Immerse yourself in the heart of the Ard\u00e8che countryside and enjoy the <strong>modern comfort<\/strong> of our fully-equipped chalets, designed to sleep 4 to 6 people.<\/p><p    >With <strong>2 or 3 bedrooms<\/strong>, they are perfect for vacations with family or friends.<\/p><p    >Each chalet offers <strong>optimized living space<\/strong> with a cosy living room, fully equipped kitchen (oven, microwave, dishwasher, fridge), bathroom with shower and separate toilet.<\/p><div class=\"lireplus fc-desk\"><p    >Read<\/p><div class=\"group\"><p    >Outside, you&#8217;ll find a <strong>terrace<\/strong> with garden furniture, ideal for enjoying a meal al fresco. Thanks to mosquito nets and air conditioning, you&#8217;ll enjoy absolute comfort whatever the season.<br\/>Practical info: Only one car allowed per rental, and tents are not permitted on the pitch. <\/p><p    >Treat yourself to an <strong>authentic,<\/strong> relaxing break in the heart of an unspoilt natural setting.<\/p><\/div><\/div><\/div><div class=\"columns__item fade-right media\"><div class=\"gallery height-adapt\"><figure class=\"gallery__item\"><picture><source srcset=\"https:\/\/domainedelaplage.com\/wp-content\/uploads\/2025\/04\/00000482981-1-420x402.webp\" media=\"(max-width: 210px)\"><source srcset=\"https:\/\/domainedelaplage.com\/wp-content\/uploads\/2025\/04\/00000482981-1-850x813.webp\" media=\"(max-width: 420px)\"><source srcset=\"https:\/\/domainedelaplage.com\/wp-content\/uploads\/2025\/04\/00000482981-1-768x734.webp\" media=\"(max-width: 850px)\"><source srcset=\"https:\/\/domainedelaplage.com\/wp-content\/uploads\/2025\/04\/00000482981-1.webp\" media=\"(max-width: 1024px)\"><source srcset=\"https:\/\/domainedelaplage.com\/wp-content\/uploads\/2025\/04\/00000482981-1.webp\" media=\"(min-width: 1025px)\"><img decoding=\"async\" src=\"https:\/\/domainedelaplage.com\/wp-content\/uploads\/2025\/04\/00000482981-1-420x402.webp\" width=\"420\" height=\"210\" loading=\"lazy\" alt=\"\" title=\"\"><\/picture><\/figure><\/div><\/div><\/div>","protected":false},"excerpt":{"rendered":"<p>Stay at Domaine de la Plage Mobile homes, chalets and g\u00eetes on the banks of the Ard\u00e8che river With us, it&#8217;s a haven of peace nestled on the banks of theArd\u00e8che! Whether you&#8217;re looking for comfort in a mobile home, authenticity in a chalet or charm in a g\u00eete, enjoy an exceptional natural setting for [&hellip;]<\/p>\n","protected":false},"author":1,"featured_media":0,"parent":0,"menu_order":0,"comment_status":"open","ping_status":"open","template":"","meta":{"_acf_changed":false,"footnotes":""},"acf":[],"_links":{"self":[{"href":"https:\/\/domainedelaplage.com\/en\/wp-json\/wp\/v2\/pages\/1351"}],"collection":[{"href":"https:\/\/domainedelaplage.com\/en\/wp-json\/wp\/v2\/pages"}],"about":[{"href":"https:\/\/domainedelaplage.com\/en\/wp-json\/wp\/v2\/types\/page"}],"author":[{"embeddable":true,"href":"https:\/\/domainedelaplage.com\/en\/wp-json\/wp\/v2\/users\/1"}],"replies":[{"embeddable":true,"href":"https:\/\/domainedelaplage.com\/en\/wp-json\/wp\/v2\/comments?post=1351"}],"version-history":[{"count":5,"href":"https:\/\/domainedelaplage.com\/en\/wp-json\/wp\/v2\/pages\/1351\/revisions"}],"predecessor-version":[{"id":1806,"href":"https:\/\/domainedelaplage.com\/en\/wp-json\/wp\/v2\/pages\/1351\/revisions\/1806"}],"wp:attachment":[{"href":"https:\/\/domainedelaplage.com\/en\/wp-json\/wp\/v2\/media?parent=1351"}],"curies":[{"name":"wp","href":"https:\/\/api.w.org\/{rel}","templated":true}]}}