{"id":2244,"date":"2026-01-08T09:45:37","date_gmt":"2026-01-08T08:45:37","guid":{"rendered":"https:\/\/domainedelaplage.com\/?page_id=2244"},"modified":"2026-01-08T09:45:38","modified_gmt":"2026-01-08T08:45:38","slug":"die-domaine-de-la-plage-ein-campingplatz-fuer-erwachsene-in-der-ardeche","status":"publish","type":"page","link":"https:\/\/domainedelaplage.com\/de\/die-domaine-de-la-plage-ein-campingplatz-fuer-erwachsene-in-der-ardeche\/","title":{"rendered":"Die Domaine de la Plage: ein Campingplatz f\u00fcr Erwachsene in der Ard\u00e8che"},"content":{"rendered":"<div class=\"gallery\"><figure class=\"gallery__item\"><picture><source srcset=\"https:\/\/domainedelaplage.com\/wp-content\/uploads\/2025\/04\/AdobeStock_204199747-420x280.webp\" media=\"(max-width: 210px)\"><source srcset=\"https:\/\/domainedelaplage.com\/wp-content\/uploads\/2025\/04\/AdobeStock_204199747-850x566.webp\" media=\"(max-width: 420px)\"><source srcset=\"https:\/\/domainedelaplage.com\/wp-content\/uploads\/2025\/04\/AdobeStock_204199747-768x512.webp\" media=\"(max-width: 850px)\"><source srcset=\"https:\/\/domainedelaplage.com\/wp-content\/uploads\/2025\/04\/AdobeStock_204199747-1024x682.webp\" media=\"(max-width: 1024px)\"><source srcset=\"https:\/\/domainedelaplage.com\/wp-content\/uploads\/2025\/04\/AdobeStock_204199747.webp\" media=\"(min-width: 1025px)\"><img decoding=\"async\" src=\"https:\/\/domainedelaplage.com\/wp-content\/uploads\/2025\/04\/AdobeStock_204199747-420x280.webp\" width=\"420\" height=\"210\" loading=\"lazy\" alt=\"\" title=\"\"><\/picture><\/figure><\/div>\n\n<div class=\"group mini\"><h1 style=\"text-align: center;\">Die Domaine de la Plage: ein Campingplatz f\u00fcr Erwachsene in der Ard\u00e8che (ab 16 Jahren)<\/h1><p  style=\"text-align: center;\"  >Die Domaine de la Plage liegt inmitten einer au\u00dfergew\u00f6hnlichen Naturlandschaft und ist ein Campingplatz f\u00fcr Erwachsene, die Ruhe, Komfort und Authentizit\u00e4t suchen. Dieser gesch\u00fctzte Ort am Flussufer bietet den idealen Rahmen, um sich zu entspannen, neue Energie zu tanken und die Sch\u00f6nheiten der Ard\u00e8che in vollen Z\u00fcgen zu genie\u00dfen. Hier finden Sie alles, was Sie f\u00fcr einen erholsamen Urlaub fernab vom Trubel in einer freundlichen und ruhigen Atmosph\u00e4re ben\u00f6tigen.<\/p><p  style=\"text-align: center;\"  >Dieser Campingplatz f\u00fcr Erwachsene legt besonderen Wert auf die Ruhe und das Wohlbefinden seiner G\u00e4ste. Ob Sie zu zweit oder mit Freunden reisen, Sie k\u00f6nnen jeden Moment in einer harmonischen Umgebung in direktem Kontakt mit der Natur genie\u00dfen.<\/p><\/div>\n\n<div class=\"group sec-10 align-full\"><div class=\"gallery\"><figure class=\"gallery__item\"><picture><source srcset=\"https:\/\/domainedelaplage.com\/wp-content\/uploads\/2025\/08\/AdobeStock_157312404-1-2-420x280.jpeg.webp\" media=\"(max-width: 210px)\"><source srcset=\"https:\/\/domainedelaplage.com\/wp-content\/uploads\/2025\/08\/AdobeStock_157312404-1-2-850x567.jpeg.webp\" media=\"(max-width: 420px)\"><source srcset=\"https:\/\/domainedelaplage.com\/wp-content\/uploads\/2025\/08\/AdobeStock_157312404-1-2-768x512.jpeg.webp\" media=\"(max-width: 850px)\"><source srcset=\"https:\/\/domainedelaplage.com\/wp-content\/uploads\/2025\/08\/AdobeStock_157312404-1-2-1024x683.jpeg.webp\" media=\"(max-width: 1024px)\"><source srcset=\"https:\/\/domainedelaplage.com\/wp-content\/uploads\/2025\/08\/AdobeStock_157312404-1-2-scaled.jpeg.webp\" media=\"(min-width: 1025px)\"><img decoding=\"async\" src=\"https:\/\/domainedelaplage.com\/wp-content\/uploads\/2025\/08\/AdobeStock_157312404-1-2-420x280.jpeg.webp\" width=\"420\" height=\"210\" loading=\"lazy\" alt=\"\" title=\"\"><\/picture><\/figure><\/div><div class=\"columns reverse-mob\"><div class=\"columns__item\" style=\"flex-basis:10%;\"><\/div><div class=\"columns__item texte has-blanc-background-color has-background\" style=\"background-color:var(--blanc);\"><h2>Eine nat\u00fcrliche und ruhige Umgebung, die Erwachsenen vorbehalten ist<\/h2><p    >Die Domaine de la Plage zeichnet sich durch ihre ruhige und erholsame Atmosph\u00e4re aus. Der Campingplatz liegt eingebettet in einer gr\u00fcnen Oase am Ufer der Ard\u00e8che und bietet direkten Zugang zu einem Naturstrand, an dem man sich wunderbar entspannen kann. Die Stellpl\u00e4tze und Unterk\u00fcnfte sind weitl\u00e4ufig angelegt und garantieren jedem Privatsph\u00e4re und Ruhe.<\/p><p    >Hier steht Erholung an erster Stelle. Da es keine lauten Animationsprogramme gibt und der Campingplatz auf Ruhe ausgerichtet ist, k\u00f6nnen alle einen entspannten Aufenthalt genie\u00dfen. Die Besucher sch\u00e4tzen besonders die M\u00f6glichkeit, sich am Wasser zu entspannen, bei Sonnenaufgang Yoga zu machen oder ohne Stress und Hektik in der umliegenden Natur spazieren zu gehen.<\/p><p    >Der Campingplatz richtet sich an Erwachsene, die dem Alltag entfliehen, zu sich selbst finden und eine authentische Umgebung genie\u00dfen m\u00f6chten, in der Stille und Lebensfreude herrschen.<\/p><\/div><\/div><\/div>\n\n<div class=\"columns reverse-mob has-vert-background-color has-background align-full\" style=\"background-color:var(--vert);\"><div class=\"columns__item fade-left texte\"><h2>Komfortable Unterk\u00fcnfte und Dienstleistungen f\u00fcr Ihr Wohlbefinden<\/h2><p    >Die Domaine de la Plage bietet verschiedene Arten von Unterk\u00fcnften f\u00fcr jeden Geschmack: voll ausgestattete Mobilheime, Chalets mit Terrasse oder ger\u00e4umige Stellpl\u00e4tze f\u00fcr Zelte und Wohnmobile. Alle sind sorgf\u00e4ltig eingerichtet, um Komfort und Privatsph\u00e4re zu bieten.<\/p><p    >Der Campingplatz verf\u00fcgt au\u00dferdem \u00fcber moderne Einrichtungen, die zur Entspannung einladen: beheizter Pool, Wellnessbereich, Leseecke und gem\u00fctliches Restaurant. Urlauber k\u00f6nnen lokale Produkte probieren, einen Moment auf der Terrasse verbringen oder einfach die Ruhe des Ortes genie\u00dfen.<\/p><p    >Das Team der Domaine de la Plage sorgt f\u00fcr einen diskreten, aber aufmerksamen Service und garantiert jedem Besucher ein ma\u00dfgeschneidertes Erlebnis. Der Campingplatz setzt auf Qualit\u00e4t statt Quantit\u00e4t in einer herzlichen und respektvollen Atmosph\u00e4re.<\/p><\/div><div class=\"columns__item fade-right media\"><div class=\"gallery height-adapt f-carousel fc-diapo-mob\" data-fancybox=\"gallery-mob\"><figure class=\"gallery__item\"><picture><source srcset=\"https:\/\/domainedelaplage.com\/wp-content\/uploads\/2025\/04\/location-calet-plein-air-3-chambres-303x420.webp\" media=\"(max-width: 210px)\"><source srcset=\"https:\/\/domainedelaplage.com\/wp-content\/uploads\/2025\/04\/location-calet-plein-air-3-chambres-613x850.webp\" media=\"(max-width: 420px)\"><source srcset=\"https:\/\/domainedelaplage.com\/wp-content\/uploads\/2025\/04\/location-calet-plein-air-3-chambres-768x1065.webp\" media=\"(max-width: 850px)\"><source srcset=\"https:\/\/domainedelaplage.com\/wp-content\/uploads\/2025\/04\/location-calet-plein-air-3-chambres-738x1024.webp\" media=\"(max-width: 1024px)\"><source srcset=\"https:\/\/domainedelaplage.com\/wp-content\/uploads\/2025\/04\/location-calet-plein-air-3-chambres.webp\" media=\"(min-width: 1025px)\"><img decoding=\"async\" src=\"https:\/\/domainedelaplage.com\/wp-content\/uploads\/2025\/04\/location-calet-plein-air-3-chambres-303x420.webp\" width=\"420\" height=\"210\" alt=\"location camping sans enfants\" loading=\"lazy\" title=\"\"><\/picture><\/figure><\/div><\/div><\/div>\n\n<div class=\"columns align-full\"><div class=\"columns__item fade-left media\"><div class=\"gallery height-adapt\"><figure class=\"gallery__item\"><picture><source srcset=\"https:\/\/domainedelaplage.com\/wp-content\/uploads\/2025\/03\/AdobeStock_91313592-420x315.webp\" media=\"(max-width: 210px)\"><source srcset=\"https:\/\/domainedelaplage.com\/wp-content\/uploads\/2025\/03\/AdobeStock_91313592-850x638.webp\" media=\"(max-width: 420px)\"><source srcset=\"https:\/\/domainedelaplage.com\/wp-content\/uploads\/2025\/03\/AdobeStock_91313592-768x576.webp\" media=\"(max-width: 850px)\"><source srcset=\"https:\/\/domainedelaplage.com\/wp-content\/uploads\/2025\/03\/AdobeStock_91313592-1024x768.webp\" media=\"(max-width: 1024px)\"><source srcset=\"https:\/\/domainedelaplage.com\/wp-content\/uploads\/2025\/03\/AdobeStock_91313592.webp\" media=\"(min-width: 1025px)\"><img decoding=\"async\" src=\"https:\/\/domainedelaplage.com\/wp-content\/uploads\/2025\/03\/AdobeStock_91313592-420x315.webp\" width=\"420\" height=\"210\" loading=\"lazy\" alt=\"\" title=\"\"><\/picture><\/figure><\/div><\/div><div class=\"columns__item fade-right texte\"><h2>Entdecken Sie die Ard\u00e8che von einem Campingplatz f\u00fcr Erwachsene aus<\/h2><p    >Ein Aufenthalt in der Domaine de la Plage bedeutet auch, eine ideale Lage zu genie\u00dfen, um die Wunder der Ard\u00e8che zu erkunden. In der N\u00e4he bieten Schluchten, malerische D\u00f6rfer und Wanderwege tausend M\u00f6glichkeiten zum Entspannen. Naturliebhaber k\u00f6nnen Kanu fahren, schwimmen oder in spektakul\u00e4ren Landschaften wandern.<\/p><p    >Nach einem erlebnisreichen Tag kehren Sie zum Campingplatz zur\u00fcck, wo Sie Erholung und Geselligkeit erwarten. Am Abend schaffen die Sonnenunterg\u00e4nge \u00fcber dem Fluss und die ruhige Umgebung eine einzigartige Atmosph\u00e4re, die zum Entspannen und Abschalten einl\u00e4dt.<\/p><p    >Ob Sie einen ruhigen Ort f\u00fcr Ihren Urlaub zu zweit oder einen entspannten Kurzurlaub in der Ard\u00e8che suchen, die Domaine de la Plage ist das ideale Reiseziel f\u00fcr Erwachsene, die Ruhe und Authentizit\u00e4t suchen.<\/p><\/div><\/div>","protected":false},"excerpt":{"rendered":"<p>Die Domaine de la Plage: ein Campingplatz f\u00fcr Erwachsene in der Ard\u00e8che (ab 16 Jahren) Die Domaine de la Plage liegt inmitten einer au\u00dfergew\u00f6hnlichen Naturlandschaft und ist ein Campingplatz f\u00fcr Erwachsene, die Ruhe, Komfort und Authentizit\u00e4t suchen. Dieser gesch\u00fctzte Ort am Flussufer bietet den idealen Rahmen, um sich zu entspannen, neue Energie zu tanken und [&hellip;]<\/p>\n","protected":false},"author":1,"featured_media":0,"parent":0,"menu_order":0,"comment_status":"closed","ping_status":"closed","template":"","meta":{"_acf_changed":false,"footnotes":""},"acf":[],"_links":{"self":[{"href":"https:\/\/domainedelaplage.com\/de\/wp-json\/wp\/v2\/pages\/2244"}],"collection":[{"href":"https:\/\/domainedelaplage.com\/de\/wp-json\/wp\/v2\/pages"}],"about":[{"href":"https:\/\/domainedelaplage.com\/de\/wp-json\/wp\/v2\/types\/page"}],"author":[{"embeddable":true,"href":"https:\/\/domainedelaplage.com\/de\/wp-json\/wp\/v2\/users\/1"}],"replies":[{"embeddable":true,"href":"https:\/\/domainedelaplage.com\/de\/wp-json\/wp\/v2\/comments?post=2244"}],"version-history":[{"count":1,"href":"https:\/\/domainedelaplage.com\/de\/wp-json\/wp\/v2\/pages\/2244\/revisions"}],"predecessor-version":[{"id":2245,"href":"https:\/\/domainedelaplage.com\/de\/wp-json\/wp\/v2\/pages\/2244\/revisions\/2245"}],"wp:attachment":[{"href":"https:\/\/domainedelaplage.com\/de\/wp-json\/wp\/v2\/media?parent=2244"}],"curies":[{"name":"wp","href":"https:\/\/api.w.org\/{rel}","templated":true}]}}