{"id":1363,"date":"2025-03-27T16:47:37","date_gmt":"2025-03-27T15:47:37","guid":{"rendered":"https:\/\/domainedelaplage.com\/wasserpark\/"},"modified":"2025-10-29T10:53:17","modified_gmt":"2025-10-29T09:53:17","slug":"wasserpark","status":"publish","type":"page","link":"https:\/\/domainedelaplage.com\/de\/wasserpark\/","title":{"rendered":"Wasserpark"},"content":{"rendered":"<div class=\"diaporama-header align-full\"><div class=\"gallery\"><figure class=\"gallery__item\"><picture><source srcset=\"https:\/\/domainedelaplage.com\/wp-content\/uploads\/2025\/10\/ChatGPT-Image-21-oct.-2025-16_26_18-420x280.webp\" media=\"(max-width: 210px)\"><source srcset=\"https:\/\/domainedelaplage.com\/wp-content\/uploads\/2025\/10\/ChatGPT-Image-21-oct.-2025-16_26_18-850x567.webp\" media=\"(max-width: 420px)\"><source srcset=\"https:\/\/domainedelaplage.com\/wp-content\/uploads\/2025\/10\/ChatGPT-Image-21-oct.-2025-16_26_18-768x512.webp\" media=\"(max-width: 850px)\"><source srcset=\"https:\/\/domainedelaplage.com\/wp-content\/uploads\/2025\/10\/ChatGPT-Image-21-oct.-2025-16_26_18-1024x683.webp\" media=\"(max-width: 1024px)\"><source srcset=\"https:\/\/domainedelaplage.com\/wp-content\/uploads\/2025\/10\/ChatGPT-Image-21-oct.-2025-16_26_18.webp\" media=\"(min-width: 1025px)\"><img loading=\"lazy\" decoding=\"async\" src=\"https:\/\/domainedelaplage.com\/wp-content\/uploads\/2025\/10\/ChatGPT-Image-21-oct.-2025-16_26_18-420x280.webp\" width=\"420\" height=\"210\" alt=\"\" title=\"\"><\/picture><\/figure><\/div><\/div>\n\n<div class=\"columns reverse-mob has-vert-background-color has-background align-full\" style=\"background-color:var(--vert);\"><div class=\"columns__item fade-left media\"><div class=\"gallery height-adapt f-carousel fc-diapo-mob\" data-fancybox=\"gallery-mob\"><figure class=\"gallery__item\"><picture><source srcset=\"https:\/\/domainedelaplage.com\/wp-content\/uploads\/2025\/04\/domaine-de-la-plage-1-420x402.webp\" media=\"(max-width: 210px)\"><source srcset=\"https:\/\/domainedelaplage.com\/wp-content\/uploads\/2025\/04\/domaine-de-la-plage-1-850x813.webp\" media=\"(max-width: 420px)\"><source srcset=\"https:\/\/domainedelaplage.com\/wp-content\/uploads\/2025\/04\/domaine-de-la-plage-1-768x734.webp\" media=\"(max-width: 850px)\"><source srcset=\"https:\/\/domainedelaplage.com\/wp-content\/uploads\/2025\/04\/domaine-de-la-plage-1.webp\" media=\"(max-width: 1024px)\"><source srcset=\"https:\/\/domainedelaplage.com\/wp-content\/uploads\/2025\/04\/domaine-de-la-plage-1.webp\" media=\"(min-width: 1025px)\"><img decoding=\"async\" src=\"https:\/\/domainedelaplage.com\/wp-content\/uploads\/2025\/04\/domaine-de-la-plage-1-420x402.webp\" width=\"420\" height=\"210\" loading=\"lazy\" alt=\"\" title=\"\"><\/picture><\/figure><\/div><\/div><div class=\"columns__item fade-right texte\"><h1>Tauchen Sie ein ins Vergn\u00fcgen: <span class=\"fc-span\">Entspannung und Aktivit\u00e4ten am Pool<\/span><\/h1><p    >Unser Pool ist eine wahre Oase der Ruhe, gedacht f\u00fcr alle, die Ruhe und Entspannung suchen. Hier gibt es kein Geschrei und kein Gedr\u00e4nge, nur das sanfte Wasser und eine friedliche Atmosph\u00e4re.<\/p><p    >Sie k\u00f6nnen Momente der Entspannung in vollen Z\u00fcgen genie\u00dfen und verschiedenen Aktivit\u00e4ten nachgehen, ganz nach Ihren W\u00fcnschen: Schwimmen Sie in Ihrem eigenen Tempo, nehmen Sie an Wassergymnastikkursen teil, trainieren Sie sanft Ihre Muskeln oder lassen Sie sich einfach in aller Ruhe treiben.<\/p><p    >Zwischen zwei Runden im Wasser k\u00f6nnen Sie sich auf der Sonnenterrasse niederlassen und sich von der W\u00e4rme der Sonne umh\u00fcllen lassen, um eine wohltuende und erholsame Pause einzulegen.<\/p><\/div><\/div>\n\n<div class=\"group mini\"><h2 style=\"text-align: center;\">Mehr als ein Schwimmbad, ein Ort der Ruhe und Gelassenheit<\/h2><p  style=\"text-align: center;\"  >Genie\u00dfen Sie von Mitte Mai bis Mitte September unseren beheizten Au\u00dfenpool und entdecken Sie die Eleganz eines Ortes, der f\u00fcr absolute Ruhe konzipiert wurde. <\/p><p  style=\"text-align: center;\"  >Hier ist Stille Gold wert: kein Trubel, keine lauten Stimmen, nur die Ruhe eines raffinierten Ortes, an dem jedes Detail darauf ausgerichtet ist, Ihre Entspannung zu perfektionieren.<\/p><\/div>\n\n<div class=\"gallery f-carousel fc-diapo-mob\" data-fancybox=\"gallery-mob\"><figure class=\"gallery__item\"><picture><source srcset=\"https:\/\/domainedelaplage.com\/wp-content\/uploads\/2025\/04\/AdobeStock_162954367-420x280.webp\" media=\"(max-width: 210px)\"><source srcset=\"https:\/\/domainedelaplage.com\/wp-content\/uploads\/2025\/04\/AdobeStock_162954367-850x566.webp\" media=\"(max-width: 420px)\"><source srcset=\"https:\/\/domainedelaplage.com\/wp-content\/uploads\/2025\/04\/AdobeStock_162954367-768x512.webp\" media=\"(max-width: 850px)\"><source srcset=\"https:\/\/domainedelaplage.com\/wp-content\/uploads\/2025\/04\/AdobeStock_162954367-1024x682.webp\" media=\"(max-width: 1024px)\"><source srcset=\"https:\/\/domainedelaplage.com\/wp-content\/uploads\/2025\/04\/AdobeStock_162954367.webp\" media=\"(min-width: 1025px)\"><img decoding=\"async\" src=\"https:\/\/domainedelaplage.com\/wp-content\/uploads\/2025\/04\/AdobeStock_162954367-420x280.webp\" width=\"420\" height=\"210\" loading=\"lazy\" alt=\"\" title=\"\"><\/picture><figcaption><span class=\"fc-icon\"><svg xmlns=\"http:\/\/www.w3.org\/2000\/svg\"  viewBox=\"0 0 576 512\" width=\"16px\" height=\"16px\"><!--! Font Awesome Pro 6.4.2 by @fontawesome - https:\/\/fontawesome.com License - https:\/\/fontawesome.com\/license (Commercial License) Copyright 2023 Fonticons, Inc.--><path d=\"M371.3 219.5c9-6.5 18.5-12.6 28.2-18.1c-27.1-93.1-79.8-147.8-97.5-164.1c-3.8-3.5-8.8-5.2-13.9-5.2s-10.1 1.7-13.9 5.2c-17.7 16.4-70.4 71.1-97.5 164.1c9.7 5.5 19.1 11.6 28.2 18.1C225.7 140 267.2 89.6 288 68.3c20.8 21.3 62.3 71.7 83.3 151.2zM192 469.1c24.1 7.1 49.5 10.9 75.9 10.9h40.2c26.4 0 51.8-3.8 75.9-10.9c111-32.7 192-135.4 192-257c0-11.1-9.1-20.1-20.2-20.1c-64.5 0-124.1 21.6-171.8 57.9c-43.6 33.2-77.4 78.7-96 131.2c-18.6-52.6-52.4-98.1-96-131.2C144.2 213.6 84.6 192 20.2 192C9.1 192 0 201 0 212.1c0 121.6 81 224.3 192 257zm0-34.4C103.7 403.8 37.3 322.6 32.3 224.3c61.5 2.9 117.4 28 159.7 67.4c43 40.1 72 94.9 78.6 156.3c-27.3 0-53.8-4.7-78.6-13.3zm192 0c-24.8 8.6-51.2 13.3-78.6 13.3C312 386.6 341 331.7 384 291.7c42.3-39.4 98.2-64.4 159.7-67.4c-5 98.3-71.4 179.5-159.7 210.4z\"\/><\/svg><\/span>  Balneo-Bereich<\/figcaption><\/figure><figure class=\"gallery__item\"><picture><source srcset=\"https:\/\/domainedelaplage.com\/wp-content\/uploads\/2025\/04\/Piscine-Aquagym-au-lieu-de-jeux-acquatique-420x280.webp\" media=\"(max-width: 210px)\"><source srcset=\"https:\/\/domainedelaplage.com\/wp-content\/uploads\/2025\/04\/Piscine-Aquagym-au-lieu-de-jeux-acquatique-850x567.webp\" media=\"(max-width: 420px)\"><source srcset=\"https:\/\/domainedelaplage.com\/wp-content\/uploads\/2025\/04\/Piscine-Aquagym-au-lieu-de-jeux-acquatique-768x512.webp\" media=\"(max-width: 850px)\"><source srcset=\"https:\/\/domainedelaplage.com\/wp-content\/uploads\/2025\/04\/Piscine-Aquagym-au-lieu-de-jeux-acquatique-1024x683.webp\" media=\"(max-width: 1024px)\"><source srcset=\"https:\/\/domainedelaplage.com\/wp-content\/uploads\/2025\/04\/Piscine-Aquagym-au-lieu-de-jeux-acquatique.webp\" media=\"(min-width: 1025px)\"><img decoding=\"async\" src=\"https:\/\/domainedelaplage.com\/wp-content\/uploads\/2025\/04\/Piscine-Aquagym-au-lieu-de-jeux-acquatique-420x280.webp\" width=\"420\" height=\"210\" loading=\"lazy\" alt=\"\" title=\"\"><\/picture><figcaption><span class=\"fc-icon\"><svg xmlns=\"http:\/\/www.w3.org\/2000\/svg\"  viewBox=\"0 0 576 512\" width=\"16px\" height=\"16px\"><!--! Font Awesome Pro 6.4.2 by @fontawesome - https:\/\/fontawesome.com License - https:\/\/fontawesome.com\/license (Commercial License) Copyright 2023 Fonticons, Inc.--><path d=\"M128 112c0-44.2 35.8-80 80-80s80 35.8 80 80v32c0 8.8-7.2 16-16 16s-16-7.2-16-16V112c0-26.5-21.5-48-48-48s-48 21.5-48 48V224.2H384V112c0-44.2 35.8-80 80-80s80 35.8 80 80v32c0 8.8-7.2 16-16 16s-16-7.2-16-16V112c0-26.5-21.5-48-48-48s-48 21.5-48 48V240.2 378.2c-10.8 4-21.8 6.2-32 6.2h0V256.2H160V378.2c-9.5-3.5-18.8-8.3-27.1-14.1c-1.6-1.1-3.2-2.2-4.9-3.1V240.2 112zm64 336c20.9 0 41.6-9.9 58.2-21.2c9.8-6.7 18-14 25.9-21.9c6.6-6.5 17.2-6.5 23.7 0c7.9 7.9 16.2 15.2 26 21.9C342.3 438 363.1 448 384 448s41.6-9.9 58.2-21.2c9.8-6.7 18-14 25.9-21.9c6.6-6.5 17.2-6.6 23.7 0c7.9 7.9 16.2 15.2 26 21.9c12.8 8.7 28.1 16.6 44.1 19.8c7.7 1.5 14.1 7.8 14.1 15.7c0 9.8-8 17.9-17.7 16.2c-23.1-4-43.6-15-58.5-25.2c-7.9-5.4-14.7-10.8-19.8-15.3c-5.1 4.5-11.8 9.9-19.8 15.3C441.5 465.9 414.3 480 384 480s-57.6-14.1-76.2-26.8c-7.9-5.4-14.7-10.8-19.8-15.3c-5.1 4.5-11.8 9.9-19.8 15.3C249.5 465.9 222.3 480 192 480s-57.6-14.1-76.2-26.8c-7.9-5.4-14.6-10.8-19.8-15.3c-5.1 4.5-11.8 9.9-19.8 15.3c-14.9 10.2-35.4 21.2-58.5 25.2C8 480.1 0 472 0 462.2c0-7.9 6.4-14.1 14.1-15.7c15.9-3.1 31.3-11.1 44-19.8c9.8-6.7 18-14 25.9-21.9c6.6-6.5 17.2-6.6 23.8 0c7.9 7.9 16.2 15.2 25.9 21.9C150.3 438 171.1 448 192 448z\"\/><\/svg><\/span>  Wassergymnastik<\/figcaption><\/figure><figure class=\"gallery__item\"><picture><source srcset=\"https:\/\/domainedelaplage.com\/wp-content\/uploads\/2025\/04\/domaine-de-la-plage-1-1-1-302x420.webp\" media=\"(max-width: 210px)\"><source srcset=\"https:\/\/domainedelaplage.com\/wp-content\/uploads\/2025\/04\/domaine-de-la-plage-1-1-1.webp\" media=\"(max-width: 420px)\"><source srcset=\"https:\/\/domainedelaplage.com\/wp-content\/uploads\/2025\/04\/domaine-de-la-plage-1-1-1.webp\" media=\"(max-width: 850px)\"><source srcset=\"https:\/\/domainedelaplage.com\/wp-content\/uploads\/2025\/04\/domaine-de-la-plage-1-1-1.webp\" media=\"(max-width: 1024px)\"><source srcset=\"https:\/\/domainedelaplage.com\/wp-content\/uploads\/2025\/04\/domaine-de-la-plage-1-1-1.webp\" media=\"(min-width: 1025px)\"><img decoding=\"async\" src=\"https:\/\/domainedelaplage.com\/wp-content\/uploads\/2025\/04\/domaine-de-la-plage-1-1-1-302x420.webp\" width=\"420\" height=\"210\" loading=\"lazy\" alt=\"\" title=\"\"><\/picture><figcaption><span class=\"fc-icon\"><svg xmlns=\"http:\/\/www.w3.org\/2000\/svg\"  viewBox=\"0 0 512 512\" width=\"16px\" height=\"16px\"><!--! Font Awesome Pro 6.4.2 by @fontawesome - https:\/\/fontawesome.com License - https:\/\/fontawesome.com\/license (Commercial License) Copyright 2023 Fonticons, Inc.--><path d=\"M256 0c8.8 0 16 7.2 16 16V96c0 8.8-7.2 16-16 16s-16-7.2-16-16V16c0-8.8 7.2-16 16-16zM0 256c0-8.8 7.2-16 16-16H96c8.8 0 16 7.2 16 16s-7.2 16-16 16H16c-8.8 0-16-7.2-16-16zm400 0c0-8.8 7.2-16 16-16h80c8.8 0 16 7.2 16 16s-7.2 16-16 16H416c-8.8 0-16-7.2-16-16zM256 400c8.8 0 16 7.2 16 16v80c0 8.8-7.2 16-16 16s-16-7.2-16-16V416c0-8.8 7.2-16 16-16zM75 75c6.2-6.2 16.4-6.2 22.6 0l56.6 56.6c6.2 6.2 6.2 16.4 0 22.6s-16.4 6.2-22.6 0L75 97.6c-6.2-6.2-6.2-16.4 0-22.6zm0 362c-6.2-6.2-6.2-16.4 0-22.6l56.6-56.6c6.2-6.2 16.4-6.2 22.6 0s6.2 16.4 0 22.6L97.6 437c-6.2 6.2-16.4 6.2-22.6 0zM357.8 154.2c-6.2-6.2-6.2-16.4 0-22.6L414.4 75c6.2-6.2 16.4-6.2 22.6 0s6.2 16.4 0 22.6l-56.6 56.6c-6.2 6.2-16.4 6.2-22.6 0zm0 203.6c6.2-6.2 16.4-6.2 22.6 0L437 414.4c6.2 6.2 6.2 16.4 0 22.6s-16.4 6.2-22.6 0l-56.6-56.6c-6.2-6.2-6.2-16.4 0-22.6zM336 256a80 80 0 1 0 -160 0 80 80 0 1 0 160 0zm-192 0a112 112 0 1 1 224 0 112 112 0 1 1 -224 0z\"\/><\/svg><\/span>  Solarium<\/figcaption><\/figure><\/div>","protected":false},"excerpt":{"rendered":"<p>Tauchen Sie ein ins Vergn\u00fcgen: Entspannung und Aktivit\u00e4ten am Pool Unser Pool ist eine wahre Oase der Ruhe, gedacht f\u00fcr alle, die Ruhe und Entspannung suchen. Hier gibt es kein Geschrei und kein Gedr\u00e4nge, nur das sanfte Wasser und eine friedliche Atmosph\u00e4re. Sie k\u00f6nnen Momente der Entspannung in vollen Z\u00fcgen genie\u00dfen und verschiedenen Aktivit\u00e4ten nachgehen, [&hellip;]<\/p>\n","protected":false},"author":1,"featured_media":0,"parent":0,"menu_order":0,"comment_status":"open","ping_status":"open","template":"","meta":{"_acf_changed":false,"footnotes":""},"acf":[],"_links":{"self":[{"href":"https:\/\/domainedelaplage.com\/de\/wp-json\/wp\/v2\/pages\/1363"}],"collection":[{"href":"https:\/\/domainedelaplage.com\/de\/wp-json\/wp\/v2\/pages"}],"about":[{"href":"https:\/\/domainedelaplage.com\/de\/wp-json\/wp\/v2\/types\/page"}],"author":[{"embeddable":true,"href":"https:\/\/domainedelaplage.com\/de\/wp-json\/wp\/v2\/users\/1"}],"replies":[{"embeddable":true,"href":"https:\/\/domainedelaplage.com\/de\/wp-json\/wp\/v2\/comments?post=1363"}],"version-history":[{"count":9,"href":"https:\/\/domainedelaplage.com\/de\/wp-json\/wp\/v2\/pages\/1363\/revisions"}],"predecessor-version":[{"id":1935,"href":"https:\/\/domainedelaplage.com\/de\/wp-json\/wp\/v2\/pages\/1363\/revisions\/1935"}],"wp:attachment":[{"href":"https:\/\/domainedelaplage.com\/de\/wp-json\/wp\/v2\/media?parent=1363"}],"curies":[{"name":"wp","href":"https:\/\/api.w.org\/{rel}","templated":true}]}}