{"id":1340,"date":"2025-03-27T16:47:37","date_gmt":"2025-03-27T15:47:37","guid":{"rendered":"https:\/\/domainedelaplage.com\/plaetze\/"},"modified":"2026-03-19T16:03:42","modified_gmt":"2026-03-19T15:03:42","slug":"plaetze","status":"publish","type":"page","link":"https:\/\/domainedelaplage.com\/de\/plaetze\/","title":{"rendered":"Pl\u00e4tze"},"content":{"rendered":"<div class=\"diaporama-header align-full\"><div class=\"gallery\"><figure class=\"gallery__item\"><picture><source srcset=\"https:\/\/domainedelaplage.com\/wp-content\/uploads\/2025\/04\/00000373003-2-420x224.webp\" media=\"(max-width: 210px)\"><source srcset=\"https:\/\/domainedelaplage.com\/wp-content\/uploads\/2025\/04\/00000373003-2-850x453.webp\" media=\"(max-width: 420px)\"><source srcset=\"https:\/\/domainedelaplage.com\/wp-content\/uploads\/2025\/04\/00000373003-2-768x409.webp\" media=\"(max-width: 850px)\"><source srcset=\"https:\/\/domainedelaplage.com\/wp-content\/uploads\/2025\/04\/00000373003-2-1024x546.webp\" media=\"(max-width: 1024px)\"><source srcset=\"https:\/\/domainedelaplage.com\/wp-content\/uploads\/2025\/04\/00000373003-2.webp\" media=\"(min-width: 1025px)\"><img loading=\"lazy\" decoding=\"async\" src=\"https:\/\/domainedelaplage.com\/wp-content\/uploads\/2025\/04\/00000373003-2-420x224.webp\" width=\"420\" height=\"210\" alt=\"\" title=\"\"><\/picture><\/figure><\/div><\/div>\n\n<div class=\"columns reverse-mob align-full\"><div class=\"columns__item fade-left media\"><div class=\"gallery height-adapt\"><figure class=\"gallery__item\"><picture><source srcset=\"https:\/\/domainedelaplage.com\/wp-content\/uploads\/2025\/04\/AdobeStock_1070145337-420x280.webp\" media=\"(max-width: 210px)\"><source srcset=\"https:\/\/domainedelaplage.com\/wp-content\/uploads\/2025\/04\/AdobeStock_1070145337-850x566.webp\" media=\"(max-width: 420px)\"><source srcset=\"https:\/\/domainedelaplage.com\/wp-content\/uploads\/2025\/04\/AdobeStock_1070145337-768x512.webp\" media=\"(max-width: 850px)\"><source srcset=\"https:\/\/domainedelaplage.com\/wp-content\/uploads\/2025\/04\/AdobeStock_1070145337-1024x682.webp\" media=\"(max-width: 1024px)\"><source srcset=\"https:\/\/domainedelaplage.com\/wp-content\/uploads\/2025\/04\/AdobeStock_1070145337.webp\" media=\"(min-width: 1025px)\"><img decoding=\"async\" src=\"https:\/\/domainedelaplage.com\/wp-content\/uploads\/2025\/04\/AdobeStock_1070145337-420x280.webp\" width=\"420\" height=\"210\" loading=\"lazy\" alt=\"\" title=\"\"><\/picture><\/figure><\/div><\/div><div class=\"columns__item fade-right texte\"><h1 class=\"h2\">Entdecken Sie die Stellpl\u00e4tze <span class=\"fc-span\">unseres Campingplatzes in der s\u00fcdlichen Ard\u00e8che<\/span><\/h1><p    >Offrez-vous une <strong>parenth\u00e8se nature<\/strong> au <strong>Domaine de la Plage<\/strong>, camping 4 \u00e9toiles en Ard\u00e8che, et installez-vous sur l\u2019un de nos 7 emplacements camping nus, nich\u00e9s dans un cadre exceptionnel avec une <strong>vue imprenable sur la rivi\u00e8re Ard\u00e8che<\/strong>.<\/p><p    >Ob im Zelt, im Wohnwagen oder im Wohnmobil, genie\u00dfen Sie eine gesch\u00fctzte Umgebung, in der Sie sich entspannen und abschalten k\u00f6nnen!<\/p><div class=\"lireplus fc-desk\"><p    >Lesen Sie<\/p><div class=\"group\"><p    >Jeder Stellplatz bietet Ihnen Komfort und Bequemlichkeit mit einem 16A Stromanschluss, kostenlosem WiFi und einer Wasserstelle in der N\u00e4he.<\/p><p    >Denken Sie daran, einen europ\u00e4ischen Adapter f\u00fcr elektrische Anschl\u00fcsse und ein Verl\u00e4ngerungskabel f\u00fcr mehr Flexibilit\u00e4t mitzubringen.<\/p><\/div><\/div><div class=\"buttons\"><span class=\"buttons__btn btn-resa-empl\">Buchen Sie<\/span><\/div><\/div><\/div>\n\n<div class=\"group sec-fond align-full\"><figure class=\"fond is-fixed\" data-bgimage=\"https:\/\/domainedelaplage.com\/wp-content\/uploads\/2025\/03\/fond-texture-sombre.webp\" data-bgimagexs=\"https:\/\/domainedelaplage.com\/wp-content\/uploads\/2025\/03\/fond-texture-sombre-768x576.webp\"><\/figure><p class=\"wording\" style=\"text-align: center;\"  >Hier ist alles vorhanden, damit Sie sich entspannen <span class=\"fc-span\">und Ihren Aufenthalt in vollen Z\u00fcgen genie\u00dfen<\/span> k\u00f6nnen!<\/p><\/div>\n\n<div class=\"group mini\"><h2 style=\"text-align: center;\">Premium + Dienstleistungen <span class=\"fc-span\">und private Sanit\u00e4ranlagen<\/span><\/h2><p  style=\"text-align: center;\"  >Auf der Domaine de la Plage ist jeder Campingstellplatz in der Ard\u00e8che so gestaltet, dass er Ihnen dank seiner eigenen Sanit\u00e4ranlage optimalen Komfort bietet. Sie profitieren von modernen und perfekt gepflegten Einrichtungen, um Ihren Urlaub in aller Ruhe in vollen Z\u00fcgen genie\u00dfen zu k\u00f6nnen. Dieser private Bereich garantiert Ihnen Privatsph\u00e4re und Wohlbefinden, ohne dabei den authentischen Charme des Campings inmitten der Natur zu beeintr\u00e4chtigen.<\/p><p  style=\"text-align: center;\"  >Wie w\u00e4re es, wenn Sie den Charme des Campings genie\u00dfen, ohne auf Ihren Komfort verzichten zu m\u00fcssen?<\/p><div class=\"lireplus fc-desk\"><p  style=\"text-align: center;\"  >Weiterlesen<\/p><div class=\"group\"><p  style=\"text-align: center;\"  >Auf der Domaine de la Plage definieren unsere Premium-Stellpl\u00e4tze mit privaten Sanit\u00e4ranlagen das Erlebnis des Outdoor-Urlaubs neu. Hier wird jeder Stellplatz zu einer Oase des Wohlbefindens: eine eigene, sorgf\u00e4ltig gepflegte Dusche, ein Waschbecken und eine Toilette sorgen f\u00fcr einen Urlaub ganz im Zeichen der Privatsph\u00e4re.<\/p><p  style=\"text-align: center;\"  >Die privaten Sanit\u00e4ranlagen befinden sich im Hauptgeb\u00e4ude, nur wenige Schritte von den Stellpl\u00e4tzen entfernt. Bei Ihrer Ankunft erhalten Sie einen Schl\u00fcssel. Schluss mit Warteschlangen und der Nutzung gemeinsamer Sanit\u00e4ranlagen \u2013 stattdessen erwarten Sie Freiheit, Ruhe und das einfache Vergn\u00fcgen, im Rhythmus der Natur zu leben, ohne Abstriche beim Komfort.<\/p><p  style=\"text-align: center;\"  >In dieser unber\u00fchrten Naturlandschaft zwischen Fluss und Gr\u00fcn bietet Ihnen die Domaine de la Plage ein einzigartiges Erlebnis: das eines schicken, authentischen und erholsamen Campingurlaubs im Herzen der Ard\u00e8che.<\/p><\/div><\/div><\/div>\n\n<div class=\"gallery f-carousel fc-diapo-mob\" data-fancybox=\"gallery-mob\"><figure class=\"gallery__item\"><picture><source srcset=\"https:\/\/domainedelaplage.com\/wp-content\/uploads\/2025\/04\/salle-de-baine-privative-emplacement-camping-ardeche-02-315x420.webp\" media=\"(max-width: 210px)\"><source srcset=\"https:\/\/domainedelaplage.com\/wp-content\/uploads\/2025\/04\/salle-de-baine-privative-emplacement-camping-ardeche-02.webp\" media=\"(max-width: 420px)\"><source srcset=\"https:\/\/domainedelaplage.com\/wp-content\/uploads\/2025\/04\/salle-de-baine-privative-emplacement-camping-ardeche-02.webp\" media=\"(max-width: 850px)\"><source srcset=\"https:\/\/domainedelaplage.com\/wp-content\/uploads\/2025\/04\/salle-de-baine-privative-emplacement-camping-ardeche-02.webp\" media=\"(max-width: 1024px)\"><source srcset=\"https:\/\/domainedelaplage.com\/wp-content\/uploads\/2025\/04\/salle-de-baine-privative-emplacement-camping-ardeche-02.webp\" media=\"(min-width: 1025px)\"><img decoding=\"async\" src=\"https:\/\/domainedelaplage.com\/wp-content\/uploads\/2025\/04\/salle-de-baine-privative-emplacement-camping-ardeche-02-315x420.webp\" width=\"420\" height=\"210\" loading=\"lazy\" alt=\"\" title=\"\"><\/picture><figcaption><span class=\"fc-icon\"><svg xmlns=\"http:\/\/www.w3.org\/2000\/svg\"  viewBox=\"0 0 448 512\" width=\"16px\" height=\"16px\"><!--! Font Awesome Pro 6.4.2 by @fontawesome - https:\/\/fontawesome.com License - https:\/\/fontawesome.com\/license (Commercial License) Copyright 2023 Fonticons, Inc.--><path d=\"M0 16C0 7.2 7.2 0 16 0H432c8.8 0 16 7.2 16 16s-7.2 16-16 16H16C7.2 32 0 24.8 0 16zM64 196.8c5-1.6 10.2-3.2 15.4-4.6C121 181.2 174.5 176 224 176s103 5.2 144.6 16.3c5.3 1.4 10.4 2.9 15.4 4.6V64h32V210.6c2.1 1.2 4.2 2.5 6.1 3.8c13.9 9.4 25.9 23 25.9 41.6c0 69.8-35.8 118.1-81 148.5l15.2 51c1.2 4.1 1.8 8.3 1.8 12.5c0 24.3-19.7 43.9-43.9 43.9H107.9C83.7 512 64 492.3 64 468.1c0-4.2 .6-8.5 1.8-12.5l15.2-51C35.8 374.1 0 325.8 0 256c0-18.5 12-32.2 25.9-41.6c1.9-1.3 4-2.6 6.1-3.8V64H64V196.8zM40.3 305.7c11.3 31.6 33.2 55.4 59.7 72.9C139.4 404.7 188.2 416 224 416s84.6-11.3 124.1-37.3c26.5-17.5 48.4-41.3 59.7-72.9c-11.5 5.6-24.9 10.2-39.2 14C327 330.8 273.5 336 224 336s-103-5.2-144.6-16.3c-14.3-3.8-27.6-8.4-39.2-14zM416 256c0-3.1-1.8-8.3-11.8-15c-9.8-6.6-24.7-12.7-43.9-17.8C322.2 213.1 271.7 208 224 208s-98.2 5.1-136.3 15.2c-19.2 5.1-34.1 11.2-43.9 17.8C33.8 247.7 32 252.9 32 256s1.8 8.3 11.8 15c9.8 6.6 24.7 12.7 43.9 17.8C125.8 298.9 176.3 304 224 304s98.2-5.1 136.3-15.2c19.2-5.1 34.1-11.2 43.9-17.8c9.9-6.7 11.8-11.9 11.8-15zM112 64h32c8.8 0 16 7.2 16 16s-7.2 16-16 16H112c-8.8 0-16-7.2-16-16s7.2-16 16-16zM351.5 464.7l-13.1-43.8C299.6 439.7 257.3 448 224 448s-75.6-8.3-114.4-27.2L96.5 464.7c-.3 1.1-.5 2.3-.5 3.4c0 6.6 5.3 11.9 11.9 11.9H340.1c6.6 0 11.9-5.3 11.9-11.9c0-1.2-.2-2.3-.5-3.4z\"\/><\/svg><\/span>  Private Sanit\u00e4ranlagen<\/figcaption><\/figure><figure class=\"gallery__item\"><picture><source srcset=\"https:\/\/domainedelaplage.com\/wp-content\/uploads\/2025\/04\/00000928254-420x315.webp\" media=\"(max-width: 210px)\"><source srcset=\"https:\/\/domainedelaplage.com\/wp-content\/uploads\/2025\/04\/00000928254-850x638.webp\" media=\"(max-width: 420px)\"><source srcset=\"https:\/\/domainedelaplage.com\/wp-content\/uploads\/2025\/04\/00000928254-768x576.webp\" media=\"(max-width: 850px)\"><source srcset=\"https:\/\/domainedelaplage.com\/wp-content\/uploads\/2025\/04\/00000928254-1024x768.webp\" media=\"(max-width: 1024px)\"><source srcset=\"https:\/\/domainedelaplage.com\/wp-content\/uploads\/2025\/04\/00000928254.webp\" media=\"(min-width: 1025px)\"><img decoding=\"async\" src=\"https:\/\/domainedelaplage.com\/wp-content\/uploads\/2025\/04\/00000928254-420x315.webp\" width=\"420\" height=\"210\" loading=\"lazy\" alt=\"\" title=\"\"><\/picture><figcaption><span class=\"fc-icon\"><svg xmlns=\"http:\/\/www.w3.org\/2000\/svg\"  viewBox=\"0 0 512 512\" width=\"16px\" height=\"16px\"><!--! Font Awesome Pro 6.4.2 by @fontawesome - https:\/\/fontawesome.com License - https:\/\/fontawesome.com\/license (Commercial License) Copyright 2023 Fonticons, Inc.--><path d=\"M32 115.9C32 87.2 55.2 64 83.9 64c13.8 0 27 5.5 36.7 15.2l28.1 28.1c.5 .5 1.1 1 1.7 1.5c-33 43.9-29.5 106.5 10.4 146.4l4.7 4.7-16.8 16.8c-6.2 6.2-6.2 16.4 0 22.6s16.4 6.2 22.6 0l192-192c6.2-6.2 6.2-16.4 0-22.6s-16.4-6.2-22.6 0l-16.8 16.8-4.7-4.7C279.3 56.9 216.7 53.4 172.8 86.4c-.4-.6-.9-1.2-1.5-1.7L143.2 56.6C127.5 40.8 106.1 32 83.9 32C37.6 32 0 69.6 0 115.9V464c0 8.8 7.2 16 16 16s16-7.2 16-16V115.9zm151.4 3.5c31.2-31.2 81.9-31.2 113.1 0l4.7 4.7L188.1 237.3l-4.7-4.7c-31.2-31.2-31.2-81.9 0-113.1zM416 200a24 24 0 1 0 -48 0 24 24 0 1 0 48 0zm-88 88a24 24 0 1 0 0-48 24 24 0 1 0 0 48zm-40 40a24 24 0 1 0 -48 0 24 24 0 1 0 48 0zm72 56a24 24 0 1 0 0-48 24 24 0 1 0 0 48zm-64 64a24 24 0 1 0 0-48 24 24 0 1 0 0 48zM424 320a24 24 0 1 0 0-48 24 24 0 1 0 0 48zm88-88a24 24 0 1 0 -48 0 24 24 0 1 0 48 0z\"\/><\/svg><\/span>  Privater Duschbereich<\/figcaption><\/figure><figure class=\"gallery__item\"><picture><source srcset=\"https:\/\/domainedelaplage.com\/wp-content\/uploads\/2025\/04\/00001023724-2-302x420.webp\" media=\"(max-width: 210px)\"><source srcset=\"https:\/\/domainedelaplage.com\/wp-content\/uploads\/2025\/04\/00001023724-2.webp\" media=\"(max-width: 420px)\"><source srcset=\"https:\/\/domainedelaplage.com\/wp-content\/uploads\/2025\/04\/00001023724-2.webp\" media=\"(max-width: 850px)\"><source srcset=\"https:\/\/domainedelaplage.com\/wp-content\/uploads\/2025\/04\/00001023724-2.webp\" media=\"(max-width: 1024px)\"><source srcset=\"https:\/\/domainedelaplage.com\/wp-content\/uploads\/2025\/04\/00001023724-2.webp\" media=\"(min-width: 1025px)\"><img decoding=\"async\" src=\"https:\/\/domainedelaplage.com\/wp-content\/uploads\/2025\/04\/00001023724-2-302x420.webp\" width=\"420\" height=\"210\" loading=\"lazy\" alt=\"\" title=\"\"><\/picture><figcaption><span class=\"fc-icon\"><svg xmlns=\"http:\/\/www.w3.org\/2000\/svg\"  viewBox=\"0 0 576 512\" width=\"16px\" height=\"16px\"><!--! Font Awesome Pro 6.4.2 by @fontawesome - https:\/\/fontawesome.com License - https:\/\/fontawesome.com\/license (Commercial License) Copyright 2023 Fonticons, Inc.--><path d=\"M133.8 106.8C150.3 118 171.1 128 192 128s41.6-9.9 58.2-21.2c9.8-6.7 18-14 25.9-21.9c6.6-6.5 17.2-6.5 23.7 0c7.9 7.9 16.2 15.2 26 21.9C342.3 118 363.1 128 384 128s41.6-9.9 58.2-21.2c9.8-6.7 18-14 25.9-21.9c6.6-6.5 17.2-6.5 23.7 0c7.9 7.9 16.2 15.2 26 21.9c12.8 8.7 28.1 16.6 44.1 19.8c7.7 1.5 14.1 7.8 14.1 15.7c0 9.8-8 17.9-17.7 16.2c-23.1-4-43.6-15-58.5-25.2c-7.9-5.4-14.7-10.8-19.8-15.3c-5.1 4.5-11.8 9.9-19.8 15.3C441.5 145.9 414.3 160 384 160s-57.6-14.1-76.2-26.8c-7.9-5.4-14.7-10.8-19.8-15.3c-5.1 4.5-11.8 9.9-19.8 15.3C249.5 145.9 222.3 160 192 160s-57.6-14.1-76.2-26.8c-7.9-5.4-14.6-10.8-19.8-15.3c-5.1 4.5-11.8 9.9-19.8 15.3c-14.9 10.2-35.4 21.2-58.5 25.2C8 160.1 0 152 0 142.2c0-7.9 6.4-14.1 14.1-15.7c15.9-3.1 31.3-11.1 44-19.8c9.8-6.7 18-14 25.9-21.9c6.6-6.5 17.2-6.6 23.8 0c7.9 7.9 16.2 15.2 25.9 21.9zm0 288C150.3 406 171.1 416 192 416s41.6-9.9 58.2-21.2c9.8-6.7 18-14 25.9-21.9c6.6-6.5 17.2-6.5 23.7 0c7.9 7.9 16.2 15.2 26 21.9C342.3 406 363.1 416 384 416s41.6-9.9 58.2-21.2c9.8-6.7 18-14 25.9-21.9c6.6-6.5 17.2-6.6 23.7 0c7.9 7.9 16.2 15.2 26 21.9c12.8 8.7 28.1 16.6 44.1 19.8c7.7 1.5 14.1 7.8 14.1 15.7c0 9.8-8 17.9-17.7 16.2c-23.1-4-43.6-15-58.5-25.2c-7.9-5.4-14.7-10.8-19.8-15.3c-5.1 4.5-11.8 9.9-19.8 15.3C441.5 433.9 414.3 448 384 448s-57.6-14.1-76.2-26.8c-7.9-5.4-14.7-10.8-19.8-15.3c-5.1 4.5-11.8 9.9-19.8 15.3C249.5 433.9 222.3 448 192 448s-57.6-14.1-76.2-26.8c-7.9-5.4-14.6-10.8-19.8-15.3c-5.1 4.5-11.8 9.9-19.8 15.3c-14.9 10.2-35.4 21.2-58.5 25.2C8 448.1 0 440 0 430.2c0-7.9 6.4-14.1 14.1-15.7c15.9-3.1 31.3-11.1 44-19.8c9.8-6.7 18-14 25.9-21.9c6.6-6.5 17.2-6.6 23.8 0c7.9 7.9 16.2 15.2 25.9 21.9zM192 272c20.9 0 41.6-9.9 58.2-21.2c9.8-6.7 18-14 25.9-21.9c6.6-6.5 17.2-6.5 23.7 0c7.9 7.9 16.2 15.2 26 21.9C342.3 262 363.1 272 384 272s41.6-9.9 58.2-21.2c9.8-6.7 18-14 25.9-21.9c6.6-6.5 17.2-6.5 23.7 0c7.9 7.9 16.2 15.2 26 21.9c12.8 8.7 28.1 16.6 44.1 19.8c7.7 1.5 14.1 7.8 14.1 15.7c0 9.8-8 17.9-17.7 16.2c-23.1-4-43.6-15-58.5-25.2c-7.9-5.4-14.7-10.8-19.8-15.3c-5.1 4.5-11.8 9.9-19.8 15.3C441.5 289.9 414.3 304 384 304s-57.6-14.1-76.2-26.8c-7.9-5.4-14.7-10.8-19.8-15.3c-5.1 4.5-11.8 9.9-19.8 15.3C249.5 289.9 222.3 304 192 304s-57.6-14.1-76.2-26.8c-7.9-5.4-14.6-10.8-19.8-15.3c-5.1 4.5-11.8 9.9-19.8 15.3c-14.9 10.2-35.4 21.2-58.5 25.2C8 304.1 0 296 0 286.2c0-7.9 6.4-14.1 14.1-15.7c15.9-3.1 31.3-11.1 44-19.8c9.8-6.7 18-14 25.9-21.9c6.6-6.5 17.2-6.6 23.8 0c7.9 7.9 16.2 15.2 25.9 21.9C150.3 262 171.1 272 192 272z\"\/><\/svg><\/span>  Private Badezimmer<\/figcaption><\/figure><\/div>\n\n<div class=\"columns reverse-mob has-vert-background-color has-background align-full\" style=\"background-color:var(--vert);\"><div class=\"columns__item fade-left media\"><div class=\"gallery height-adapt f-carousel fc-diapo-mob\" data-fancybox=\"gallery-mob\"><figure class=\"gallery__item\"><picture><source srcset=\"https:\/\/domainedelaplage.com\/wp-content\/uploads\/2025\/04\/00001113480-420x315.webp\" media=\"(max-width: 210px)\"><source srcset=\"https:\/\/domainedelaplage.com\/wp-content\/uploads\/2025\/04\/00001113480-850x638.webp\" media=\"(max-width: 420px)\"><source srcset=\"https:\/\/domainedelaplage.com\/wp-content\/uploads\/2025\/04\/00001113480-768x576.webp\" media=\"(max-width: 850px)\"><source srcset=\"https:\/\/domainedelaplage.com\/wp-content\/uploads\/2025\/04\/00001113480-1024x768.webp\" media=\"(max-width: 1024px)\"><source srcset=\"https:\/\/domainedelaplage.com\/wp-content\/uploads\/2025\/04\/00001113480.webp\" media=\"(min-width: 1025px)\"><img decoding=\"async\" src=\"https:\/\/domainedelaplage.com\/wp-content\/uploads\/2025\/04\/00001113480-420x315.webp\" width=\"420\" height=\"210\" alt=\"camping premium en ard\u00e8che\" loading=\"lazy\" title=\"\"><\/picture><\/figure><\/div><\/div><div class=\"columns__item fade-right texte\"><h2>Komfort <span class=\"fc-span\">und Freizeit zum Teilen<\/span><\/h2><p    >Ob Sie <strong>sich entspannen oder unterhalten<\/strong> wollen, alles ist darauf ausgerichtet, dass Ihr Aufenthalt zu einem Vergn\u00fcgen und einer entspannten Zeit wird.<\/p><p    >F\u00fcr gesellige Stunden steht Ihnen ein <strong>gro\u00dfes Spielzimmer<\/strong> mit Billard, Flipper und Tischfu\u00dfball zur Verf\u00fcgung.<\/p><div class=\"lireplus fc-desk\"><p    >Lesen Sie<\/p><div class=\"group\"><p    >Um Ihren Aufenthalt noch komfortabler zu gestalten, bieten wir Ihnen verschiedene Mietoptionen an: K\u00fchlschrank, Liegestuhl, Handt\u00fccher oder unser Relax-Paket mit Tisch, St\u00fchlen, Gasgrill und K\u00fchlschrank. Alles ist vorhanden, damit Sie jeden Moment genie\u00dfen k\u00f6nnen! <\/p><\/div><\/div><\/div><\/div>","protected":false},"excerpt":{"rendered":"<p>Entdecken Sie die Stellpl\u00e4tze unseres Campingplatzes in der s\u00fcdlichen Ard\u00e8che Offrez-vous une parenth\u00e8se nature au Domaine de la Plage, camping 4 \u00e9toiles en Ard\u00e8che, et installez-vous sur l\u2019un de nos 7 emplacements camping nus, nich\u00e9s dans un cadre exceptionnel avec une vue imprenable sur la rivi\u00e8re Ard\u00e8che. Ob im Zelt, im Wohnwagen oder im Wohnmobil, [&hellip;]<\/p>\n","protected":false},"author":1,"featured_media":0,"parent":0,"menu_order":0,"comment_status":"open","ping_status":"open","template":"","meta":{"_acf_changed":false,"footnotes":""},"acf":[],"_links":{"self":[{"href":"https:\/\/domainedelaplage.com\/de\/wp-json\/wp\/v2\/pages\/1340"}],"collection":[{"href":"https:\/\/domainedelaplage.com\/de\/wp-json\/wp\/v2\/pages"}],"about":[{"href":"https:\/\/domainedelaplage.com\/de\/wp-json\/wp\/v2\/types\/page"}],"author":[{"embeddable":true,"href":"https:\/\/domainedelaplage.com\/de\/wp-json\/wp\/v2\/users\/1"}],"replies":[{"embeddable":true,"href":"https:\/\/domainedelaplage.com\/de\/wp-json\/wp\/v2\/comments?post=1340"}],"version-history":[{"count":10,"href":"https:\/\/domainedelaplage.com\/de\/wp-json\/wp\/v2\/pages\/1340\/revisions"}],"predecessor-version":[{"id":2522,"href":"https:\/\/domainedelaplage.com\/de\/wp-json\/wp\/v2\/pages\/1340\/revisions\/2522"}],"wp:attachment":[{"href":"https:\/\/domainedelaplage.com\/de\/wp-json\/wp\/v2\/media?parent=1340"}],"curies":[{"name":"wp","href":"https:\/\/api.w.org\/{rel}","templated":true}]}}