{"id":1337,"date":"2025-03-27T16:47:37","date_gmt":"2025-03-27T15:47:37","guid":{"rendered":"https:\/\/domainedelaplage.com\/le-ruisseau\/"},"modified":"2025-05-07T14:38:16","modified_gmt":"2025-05-07T12:38:16","slug":"le-ruisseau","status":"publish","type":"page","link":"https:\/\/domainedelaplage.com\/de\/le-ruisseau\/","title":{"rendered":"Le Ruisseau"},"content":{"rendered":"<div class=\"diaporama-header align-full\"><div class=\"gallery\"><figure class=\"gallery__item\"><picture><source srcset=\"https:\/\/domainedelaplage.com\/wp-content\/uploads\/2025\/04\/AdobeStock_158112841-420x236.webp\" media=\"(max-width: 210px)\"><source srcset=\"https:\/\/domainedelaplage.com\/wp-content\/uploads\/2025\/04\/AdobeStock_158112841-850x478.webp\" media=\"(max-width: 420px)\"><source srcset=\"https:\/\/domainedelaplage.com\/wp-content\/uploads\/2025\/04\/AdobeStock_158112841-768x432.webp\" media=\"(max-width: 850px)\"><source srcset=\"https:\/\/domainedelaplage.com\/wp-content\/uploads\/2025\/04\/AdobeStock_158112841-1024x576.webp\" media=\"(max-width: 1024px)\"><source srcset=\"https:\/\/domainedelaplage.com\/wp-content\/uploads\/2025\/04\/AdobeStock_158112841.webp\" media=\"(min-width: 1025px)\"><img loading=\"lazy\" decoding=\"async\" src=\"https:\/\/domainedelaplage.com\/wp-content\/uploads\/2025\/04\/AdobeStock_158112841-420x236.webp\" width=\"420\" height=\"210\" alt=\"\" title=\"\"><\/picture><\/figure><\/div><\/div>\n\n<div class=\"group mini\"><h1 style=\"text-align: center;\">Die Ard\u00e8che &#8211; eine au\u00dfergew\u00f6hnliche <span class=\"fc-span\">Naturlandschaft, die es zu erkunden gilt<\/span><\/h1><p  style=\"text-align: center;\"  >Ein Aufenthalt in der <strong>Domaine de la Plage<\/strong> ist eine Auszeit in der Natur und am Ufer des Flusses.<br><br>Diese idyllische Umgebung l\u00e4dt Sie ein, einen erholsamen und beruhigenden Aufenthalt zu genie\u00dfen.<\/p><\/div>\n\n<div class=\"group sec-10 align-full\"><div class=\"gallery\"><figure class=\"gallery__item\"><picture><source srcset=\"https:\/\/domainedelaplage.com\/wp-content\/uploads\/2025\/04\/AdobeStock_83661895-420x280.webp\" media=\"(max-width: 210px)\"><source srcset=\"https:\/\/domainedelaplage.com\/wp-content\/uploads\/2025\/04\/AdobeStock_83661895-850x567.webp\" media=\"(max-width: 420px)\"><source srcset=\"https:\/\/domainedelaplage.com\/wp-content\/uploads\/2025\/04\/AdobeStock_83661895-768x512.webp\" media=\"(max-width: 850px)\"><source srcset=\"https:\/\/domainedelaplage.com\/wp-content\/uploads\/2025\/04\/AdobeStock_83661895-1024x683.webp\" media=\"(max-width: 1024px)\"><source srcset=\"https:\/\/domainedelaplage.com\/wp-content\/uploads\/2025\/04\/AdobeStock_83661895.webp\" media=\"(min-width: 1025px)\"><img decoding=\"async\" src=\"https:\/\/domainedelaplage.com\/wp-content\/uploads\/2025\/04\/AdobeStock_83661895-420x280.webp\" width=\"420\" height=\"210\" loading=\"lazy\" alt=\"\" title=\"\"><\/picture><\/figure><\/div><div class=\"columns reverse-mob\"><div class=\"columns__item\"><ul class=\"pictos\"><li class=\"fade-up\"><span class=\"fc-icon\"><svg xmlns=\"http:\/\/www.w3.org\/2000\/svg\"  viewBox=\"0 0 512 512\" width=\"16px\" height=\"16px\"><!--! Font Awesome Pro 6.4.2 by @fontawesome - https:\/\/fontawesome.com License - https:\/\/fontawesome.com\/license (Commercial License) Copyright 2023 Fonticons, Inc.--><path d=\"M132 238.3c23.6-9.3 49.2-14.3 76-14.3h96c8.8 0 16 7.2 16 16s-7.2 16-16 16H208c-28.8 0-56 6.9-80 19.2C129.7 353.2 193.5 416 272 416h0l.8 0c109-.5 207.2-110.5 207.2-259.4c0-23-2.4-45.2-6.9-66.3C447.5 113.7 413.4 128 376 128l-104 0c-67.9 0-124.9 47-140 110.3zM96.7 256.3C104.7 166.4 180.1 96 272 96l104 0c35.2 0 66.6-16.2 87.2-41.7l.6-.8c2.3-2.9 4.4-5.8 6.4-8.9c1.6-2.5 3.2-5.1 4.6-7.8c3.5-6.5 13.6-6.8 16.2 .1c1.3 3.5 2.5 7 3.7 10.6s2.3 7.1 3.4 10.8l.4 1.5c8.8 30.3 13.5 62.8 13.5 96.8C512 317.1 405.1 447.3 273 448l-1 0c-89.4 0-163.2-66.7-174.5-153C57.5 327.3 32 376.7 32 432v32c0 8.8-7.2 16-16 16s-16-7.2-16-16V432c0-73.9 38.6-138.9 96.7-175.7z\"\/><\/svg><\/span>  Rahmen<br>nat\u00fcrlich\n<\/li><li class=\"fade-down\"><span class=\"fc-icon\"><svg xmlns=\"http:\/\/www.w3.org\/2000\/svg\"  viewBox=\"0 0 384 512\" width=\"16px\" height=\"16px\"><!--! Font Awesome Pro 6.4.2 by @fontawesome - https:\/\/fontawesome.com License - https:\/\/fontawesome.com\/license (Commercial License) Copyright 2023 Fonticons, Inc.--><path d=\"M192 480c-88.4 0-160-71.6-160-160c0-16.2 6.1-39.2 18.3-67.5c11.9-27.6 28.5-57.5 46.6-86.8c35.9-58 76.4-110.9 94.5-133.7h1.3c18.1 22.9 58.6 75.7 94.5 133.7c18.1 29.2 34.6 59.1 46.6 86.8C345.9 280.8 352 303.8 352 320c0 88.4-71.6 160-160 160zM0 320C0 426 86 512 192 512s192-86 192-192c0-91.2-130.2-262.3-166.6-308.3C211.4 4.2 202.5 0 192.9 0h-1.8c-9.6 0-18.5 4.2-24.5 11.7C130.2 57.7 0 228.8 0 320zm112 0c0-8.8-7.2-16-16-16s-16 7.2-16 16c0 61.9 50.1 112 112 112c8.8 0 16-7.2 16-16s-7.2-16-16-16c-44.2 0-80-35.8-80-80z\"\/><\/svg><\/span>  Zugang<br>zu Wasser\n<\/li><li class=\"fade-up\"><span class=\"fc-icon\"><svg xmlns=\"http:\/\/www.w3.org\/2000\/svg\"  viewBox=\"0 0 448 512\" width=\"16px\" height=\"16px\"><!--! Font Awesome Pro 6.4.2 by @fontawesome - https:\/\/fontawesome.com License - https:\/\/fontawesome.com\/license (Commercial License) Copyright 2023 Fonticons, Inc.--><path d=\"M280.4 32c-4 0-7.9 .6-11.7 1.8L204.2 53.6C130.4 76.3 80 144.5 80 221.8V288h8c22.1 0 40 17.9 40 40V472c0 22.1-17.9 40-40 40H40c-22.1 0-40-17.9-40-40V328c0-22.1 17.9-40 40-40h8V221.8C48 130.5 107.6 49.9 194.8 23L259.3 3.2C266.1 1.1 273.2 0 280.4 0C319.9 0 352 32.1 352 71.6V136c0 8.8-7.2 16-16 16s-16-7.2-16-16V71.6C320 49.7 302.3 32 280.4 32zm48.5 145.7c4.5-2.3 9.8-2.3 14.3 0c17.9 8.9 43.7 27.1 65.2 53.4C430 257.5 448 292.9 448 336c0 33.5-15.1 80.9-58.2 115.8l23.5 35.3c3.3 4.9 3.6 11.2 .8 16.4s-8.2 8.5-14.1 8.5H272c-5.9 0-11.3-3.2-14.1-8.5s-2.5-11.5 .8-16.4l23.5-35.3C239.1 416.9 224 369.5 224 336c0-43.1 18-78.5 39.6-104.9c21.5-26.3 47.4-44.4 65.2-53.4zM256 336c0 27.3 13.9 70 56.9 98.7c7.4 4.9 9.3 14.8 4.4 22.2L301.9 480h68.2l-15.4-23.1c-4.9-7.4-2.9-17.3 4.4-22.2C402.1 406 416 363.3 416 336c0-33.7-14-62.3-32.4-84.7c-15.6-19-33.8-33-47.6-41.1c-13.8 8.1-32 22.1-47.6 41.1C270 273.7 256 302.3 256 336zM88 320H40c-4.4 0-8 3.6-8 8V472c0 4.4 3.6 8 8 8H88c4.4 0 8-3.6 8-8V328c0-4.4-3.6-8-8-8zm272-32a24 24 0 1 1 0 48 24 24 0 1 1 0-48z\"\/><\/svg><\/span>  Ecke<br>Angeln\n<\/li><\/ul><\/div><div class=\"columns__item texte has-blanc-background-color has-background\" style=\"background-color:var(--blanc);\"><h2>Eine nat\u00fcrliche, beruhigende <span class=\"fc-span\">und erfrischende Umgebung<\/span><\/h2><p    >Der Fluss, der sich durch das Anwesen schl\u00e4ngelt, sorgt f\u00fcr eine heitere und <strong>erholsame<\/strong> Atmosph\u00e4re. Zwischen dem Gesang der V\u00f6gel, der Zikaden und dem Rauschen des Wassers verlangsamt sich der Alltag, um der Entspannung Platz zu machen. <\/p><p    >Ein <strong>perfekter Ort<\/strong>, um die F\u00fc\u00dfe zu baden und zu schwimmen, die lokale Tierwelt zu beobachten oder zu angeln.<\/p><\/div><\/div><\/div>\n\n<div class=\"group sec-fond align-full\"><figure class=\"fond is-fixed\" data-bgimage=\"https:\/\/domainedelaplage.com\/wp-content\/uploads\/2025\/03\/fond-texture-sombre.webp\" data-bgimagexs=\"https:\/\/domainedelaplage.com\/wp-content\/uploads\/2025\/03\/fond-texture-sombre-768x576.webp\"><\/figure><p class=\"wording\" style=\"text-align: center;\"  >Die Ard\u00e8che, ein Naturjuwel mit <span class=\"fc-span\">einem Versprechen von Flucht und Gelassenheit<\/span><\/p><\/div>\n\n<div class=\"columns reverse-mob align-full\"><div class=\"columns__item fade-left texte\"><h2>Die Ard\u00e8che ist eine wahre <span class=\"fc-span\">R\u00fcckkehr zu den einfachen Freuden!<\/span><\/h2><p    >Picknick am Wasser, Beobachtung der Tierwelt, der Kieselsteine oder der Kaulquappen im Fr\u00fchling.<\/p><p    >In der Hochsaison sorgt der nahe gelegene Fluss f\u00fcr eine nat\u00fcrliche Frische, ideal um der Sommerhitze zu entfliehen.<\/p><p    >Die<strong>Ard\u00e8che<\/strong> ist ein wichtiger Trumpf f\u00fcr unsere Dom\u00e4ne, der Ihrem Aufenthalt einen Hauch von Natur, Wohlbefinden und Geselligkeit verleiht!<\/p><\/div><div class=\"columns__item fade-right media\"><div class=\"gallery height-adapt f-carousel fc-diapo-mob\" data-fancybox=\"gallery-mob\"><figure class=\"gallery__item\"><picture><source srcset=\"https:\/\/domainedelaplage.com\/wp-content\/uploads\/2025\/04\/AdobeStock_160567357-420x274.webp\" media=\"(max-width: 210px)\"><source srcset=\"https:\/\/domainedelaplage.com\/wp-content\/uploads\/2025\/04\/AdobeStock_160567357-850x554.webp\" media=\"(max-width: 420px)\"><source srcset=\"https:\/\/domainedelaplage.com\/wp-content\/uploads\/2025\/04\/AdobeStock_160567357-768x501.webp\" media=\"(max-width: 850px)\"><source srcset=\"https:\/\/domainedelaplage.com\/wp-content\/uploads\/2025\/04\/AdobeStock_160567357-1024x668.webp\" media=\"(max-width: 1024px)\"><source srcset=\"https:\/\/domainedelaplage.com\/wp-content\/uploads\/2025\/04\/AdobeStock_160567357.webp\" media=\"(min-width: 1025px)\"><img decoding=\"async\" src=\"https:\/\/domainedelaplage.com\/wp-content\/uploads\/2025\/04\/AdobeStock_160567357-420x274.webp\" width=\"420\" height=\"210\" loading=\"lazy\" alt=\"\" title=\"\"><\/picture><\/figure><\/div><\/div><\/div>","protected":false},"excerpt":{"rendered":"<p>Die Ard\u00e8che &#8211; eine au\u00dfergew\u00f6hnliche Naturlandschaft, die es zu erkunden gilt Ein Aufenthalt in der Domaine de la Plage ist eine Auszeit in der Natur und am Ufer des Flusses. Diese idyllische Umgebung l\u00e4dt Sie ein, einen erholsamen und beruhigenden Aufenthalt zu genie\u00dfen. Eine nat\u00fcrliche, beruhigende und erfrischende Umgebung Der Fluss, der sich durch das [&hellip;]<\/p>\n","protected":false},"author":1,"featured_media":0,"parent":0,"menu_order":0,"comment_status":"open","ping_status":"open","template":"","meta":{"_acf_changed":false,"footnotes":""},"acf":[],"_links":{"self":[{"href":"https:\/\/domainedelaplage.com\/de\/wp-json\/wp\/v2\/pages\/1337"}],"collection":[{"href":"https:\/\/domainedelaplage.com\/de\/wp-json\/wp\/v2\/pages"}],"about":[{"href":"https:\/\/domainedelaplage.com\/de\/wp-json\/wp\/v2\/types\/page"}],"author":[{"embeddable":true,"href":"https:\/\/domainedelaplage.com\/de\/wp-json\/wp\/v2\/users\/1"}],"replies":[{"embeddable":true,"href":"https:\/\/domainedelaplage.com\/de\/wp-json\/wp\/v2\/comments?post=1337"}],"version-history":[{"count":4,"href":"https:\/\/domainedelaplage.com\/de\/wp-json\/wp\/v2\/pages\/1337\/revisions"}],"predecessor-version":[{"id":1490,"href":"https:\/\/domainedelaplage.com\/de\/wp-json\/wp\/v2\/pages\/1337\/revisions\/1490"}],"wp:attachment":[{"href":"https:\/\/domainedelaplage.com\/de\/wp-json\/wp\/v2\/media?parent=1337"}],"curies":[{"name":"wp","href":"https:\/\/api.w.org\/{rel}","templated":true}]}}