{"id":1330,"date":"2025-03-27T16:47:37","date_gmt":"2025-03-27T15:47:37","guid":{"rendered":"https:\/\/domainedelaplage.com\/dienste\/"},"modified":"2026-03-19T16:08:54","modified_gmt":"2026-03-19T15:08:54","slug":"dienste","status":"publish","type":"page","link":"https:\/\/domainedelaplage.com\/de\/dienste\/","title":{"rendered":"Dienste"},"content":{"rendered":"<div class=\"diaporama-header align-full\"><div class=\"gallery\"><figure class=\"gallery__item\"><picture><source srcset=\"https:\/\/domainedelaplage.com\/wp-content\/uploads\/2025\/04\/slide-vue-aerienne-camping-plage-ardeche-01-420x236.webp\" media=\"(max-width: 210px)\"><source srcset=\"https:\/\/domainedelaplage.com\/wp-content\/uploads\/2025\/04\/slide-vue-aerienne-camping-plage-ardeche-01-850x478.webp\" media=\"(max-width: 420px)\"><source srcset=\"https:\/\/domainedelaplage.com\/wp-content\/uploads\/2025\/04\/slide-vue-aerienne-camping-plage-ardeche-01-768x432.webp\" media=\"(max-width: 850px)\"><source srcset=\"https:\/\/domainedelaplage.com\/wp-content\/uploads\/2025\/04\/slide-vue-aerienne-camping-plage-ardeche-01-1024x576.webp\" media=\"(max-width: 1024px)\"><source srcset=\"https:\/\/domainedelaplage.com\/wp-content\/uploads\/2025\/04\/slide-vue-aerienne-camping-plage-ardeche-01.webp\" media=\"(min-width: 1025px)\"><img loading=\"lazy\" decoding=\"async\" src=\"https:\/\/domainedelaplage.com\/wp-content\/uploads\/2025\/04\/slide-vue-aerienne-camping-plage-ardeche-01-420x236.webp\" width=\"420\" height=\"210\" alt=\"vue camping ardeche\" title=\"\"><\/picture><\/figure><\/div><\/div>\n\n<div class=\"columns has-vert-background-color has-background align-full\" style=\"background-color:var(--vert);\"><div class=\"columns__item fade-left texte\"><h1 class=\"h2\">Hochwertige Dienstleistungen <span class=\"fc-span\">f\u00fcr einen komfortablen Aufenthalt<\/span><\/h1><p    >Es wird alles getan, um Ihren Aufenthalt so angenehm wie m\u00f6glich zu gestalten.<\/p><p    >Ob f\u00fcr <strong>Ihren Komfort<\/strong>, Ihre Entspannung oder Ihre t\u00e4glichen Bed\u00fcrfnisse, wir bieten Ihnen eine Vielzahl von Dienstleistungen, die Ihnen das Leben erleichtern und es Ihnen erm\u00f6glichen, <strong>Ihren Urlaub in vollen Z\u00fcgen zu genie\u00dfen<\/strong>.<\/p><p    >Im<strong>Lebensmittelgesch\u00e4ft<\/strong> k\u00f6nnen Sie regionale Produkte, Souvenirs und einen Bier- und Weinkeller finden.<\/p><\/div><div class=\"columns__item fade-right media\"><div class=\"gallery height-adapt f-carousel fc-diapo-mob\" data-fancybox=\"gallery-mob\"><figure class=\"gallery__item\"><picture><source srcset=\"https:\/\/domainedelaplage.com\/wp-content\/uploads\/2025\/04\/camping-de-la-plage-neyrac-ardeche-09-1-420x402.webp\" media=\"(max-width: 210px)\"><source srcset=\"https:\/\/domainedelaplage.com\/wp-content\/uploads\/2025\/04\/camping-de-la-plage-neyrac-ardeche-09-1-850x813.webp\" media=\"(max-width: 420px)\"><source srcset=\"https:\/\/domainedelaplage.com\/wp-content\/uploads\/2025\/04\/camping-de-la-plage-neyrac-ardeche-09-1-768x734.webp\" media=\"(max-width: 850px)\"><source srcset=\"https:\/\/domainedelaplage.com\/wp-content\/uploads\/2025\/04\/camping-de-la-plage-neyrac-ardeche-09-1.webp\" media=\"(max-width: 1024px)\"><source srcset=\"https:\/\/domainedelaplage.com\/wp-content\/uploads\/2025\/04\/camping-de-la-plage-neyrac-ardeche-09-1.webp\" media=\"(min-width: 1025px)\"><img decoding=\"async\" src=\"https:\/\/domainedelaplage.com\/wp-content\/uploads\/2025\/04\/camping-de-la-plage-neyrac-ardeche-09-1-420x402.webp\" width=\"420\" height=\"210\" loading=\"lazy\" alt=\"\" title=\"\"><\/picture><\/figure><\/div><\/div><\/div>\n\n<div class=\"columns reverse-mob has-gris-background-color has-background align-full\" style=\"background-color:var(--gris);\"><div class=\"columns__item fade-left media\"><div class=\"gallery height-adapt f-carousel fc-diapo-mob\" data-fancybox=\"gallery-mob\"><figure class=\"gallery__item\"><picture><source srcset=\"https:\/\/domainedelaplage.com\/wp-content\/uploads\/2025\/04\/AdobeStock_95706581-420x280.webp\" media=\"(max-width: 210px)\"><source srcset=\"https:\/\/domainedelaplage.com\/wp-content\/uploads\/2025\/04\/AdobeStock_95706581-850x566.webp\" media=\"(max-width: 420px)\"><source srcset=\"https:\/\/domainedelaplage.com\/wp-content\/uploads\/2025\/04\/AdobeStock_95706581-768x512.webp\" media=\"(max-width: 850px)\"><source srcset=\"https:\/\/domainedelaplage.com\/wp-content\/uploads\/2025\/04\/AdobeStock_95706581-1024x682.webp\" media=\"(max-width: 1024px)\"><source srcset=\"https:\/\/domainedelaplage.com\/wp-content\/uploads\/2025\/04\/AdobeStock_95706581.webp\" media=\"(min-width: 1025px)\"><img decoding=\"async\" src=\"https:\/\/domainedelaplage.com\/wp-content\/uploads\/2025\/04\/AdobeStock_95706581-420x280.webp\" width=\"420\" height=\"210\" loading=\"lazy\" alt=\"\" title=\"\"><\/picture><\/figure><\/div><\/div><div class=\"columns__item fade-right texte\"><h2>F\u00fcr Gourmetpausen<\/h2><p    >Um Ihre Gaumenfreuden zu befriedigen, bieten wir Ihnen verschiedene M\u00f6glichkeiten der Verpflegung vor Ort an.<\/p><p    >Genie\u00dfen Sie eine Gourmet-Pause in der <strong>Snackbar &#8222;Le Bar \u00e0 Bouche&#8220;,<\/strong> nutzen Sie unsere Bar, die Eisdiele und den Teesalon f\u00fcr einen s\u00fc\u00dfen oder erfrischenden Moment der Entspannung.<\/p><p    >Verpassen Sie nicht unseren w\u00f6chentlichen <strong>Pizza-Foodtruck<\/strong>, der ideal ist, um eine k\u00f6stliche Mahlzeit in geselliger Runde zu genie\u00dfen.<\/p><p    >Und f\u00fcr die kleinen Freuden des Alltags: <strong>Brot<\/strong> und schmackhaftes Geb\u00e4ck.<\/p><\/div><\/div>\n\n<div class=\"columns align-full\"><div class=\"columns__item fade-left texte\"><h2>Komfort und Annehmlichkeiten: <span class=\"fc-span\">Wohlbefinden an erster Stelle<\/span><\/h2><p    >Da Ihr Komfort sehr wichtig ist, haben wir hochwertige Einrichtungen geschaffen, um Ihren Aufenthalt angenehm zu gestalten.<\/p><p    >Die beheizten <strong>individuellen Sanit\u00e4ranlagen<\/strong> sind behindertengerecht und garantieren Ihnen eine einwandfreie Hygiene.<\/p><p    >Genie\u00dfen Sie f\u00fcr Ihre entspannten Momente im Freien einen Picknickplatz in idealer Lage am Flussufer \u2013 perfekt, um Ihre Mahlzeiten mitten in der Natur zu genie\u00dfen.<\/p><p    >G\u00f6nnen Sie sich einen Moment der Entspannung bei einer Massage, um loszulassen und sich verw\u00f6hnen zu lassen.<\/p><\/div><div class=\"columns__item fade-right media\"><div class=\"gallery height-adapt f-carousel fc-diapo-mob\" data-fancybox=\"gallery-mob\"><figure class=\"gallery__item\"><picture><source srcset=\"https:\/\/domainedelaplage.com\/wp-content\/uploads\/2025\/04\/AdobeStock_204199747-420x280.webp\" media=\"(max-width: 210px)\"><source srcset=\"https:\/\/domainedelaplage.com\/wp-content\/uploads\/2025\/04\/AdobeStock_204199747-850x566.webp\" media=\"(max-width: 420px)\"><source srcset=\"https:\/\/domainedelaplage.com\/wp-content\/uploads\/2025\/04\/AdobeStock_204199747-768x512.webp\" media=\"(max-width: 850px)\"><source srcset=\"https:\/\/domainedelaplage.com\/wp-content\/uploads\/2025\/04\/AdobeStock_204199747-1024x682.webp\" media=\"(max-width: 1024px)\"><source srcset=\"https:\/\/domainedelaplage.com\/wp-content\/uploads\/2025\/04\/AdobeStock_204199747.webp\" media=\"(min-width: 1025px)\"><img decoding=\"async\" src=\"https:\/\/domainedelaplage.com\/wp-content\/uploads\/2025\/04\/AdobeStock_204199747-420x280.webp\" width=\"420\" height=\"210\" loading=\"lazy\" alt=\"\" title=\"\"><\/picture><\/figure><\/div><\/div><\/div>\n\n<div class=\"group sec-fond align-full\"><figure class=\"fond is-fixed\" data-bgimage=\"https:\/\/domainedelaplage.com\/wp-content\/uploads\/2025\/03\/fond-texture-sombre.webp\" data-bgimagexs=\"https:\/\/domainedelaplage.com\/wp-content\/uploads\/2025\/03\/fond-texture-sombre-768x576.webp\"><\/figure><p class=\"wording\" style=\"text-align: center;\"  >Ihr Aufenthalt steht ganz im Zeichen von <span class=\"fc-span\">Komfort, Leichtigkeit, Genuss und Entspannung<\/span><\/p><\/div>\n\n<div class=\"group mini\"><h2 style=\"text-align: center;\">Praktische Dienstleistungen <span class=\"fc-span\">f\u00fcr einen sorgenfreien Aufenthalt<\/span><\/h2><p  style=\"text-align: center;\"  >Um Ihnen den Aufenthalt zu erleichtern, stellt Ihnen die Domaine de la Plage direkt auf dem Campingplatz 3 Ladestationen f\u00fcr Elektrofahrzeuge zur Verf\u00fcgung. Laden Sie Ihr Auto ganz einfach auf, w\u00e4hrend Sie Ihren Urlaub genie\u00dfen \u2013 ohne Einschr\u00e4nkungen und Umwege. Ein praktischer und komfortabler Service, der sich perfekt in unser Konzept des \u201eSlow Tourism\u201c einf\u00fcgt, damit Sie entspannt ins Herz der s\u00fcdlichen Ard\u00e8che reisen k\u00f6nnen.<\/p><div class=\"lireplus centre fc-desk\"><p  style=\"text-align: center;\"  >Lesen Sie<\/p><div class=\"group\"><p  style=\"text-align: center;\"  >Um Ihnen den Aufenthalt zu erleichtern, k\u00f6nnen Sie einzelne Artikel wie Bettw\u00e4sche, Handt\u00fccher und Badematten separat buchen. M\u00f6chten Sie Ihre W\u00e4sche wechseln, Badeanz\u00fcge und Handt\u00fccher trocknen oder ein Kleid f\u00fcr den Abend gl\u00e4tten? Das Anwesen verf\u00fcgt \u00fcber einen Waschraum mit Waschmaschine, W\u00e4schetrockner sowie B\u00fcgelbrett und B\u00fcgeleisen. Alles, was Sie brauchen, um sich wie zu Hause zu f\u00fchlen!<\/p><p  style=\"text-align: center;\"  >Unsere Bekleidungsausleihe \u2013 Esprit Boh\u00e8me Chic \u2013 l\u00e4dt Sie ein, eine Kollektion h\u00fcbscher gebl\u00fcmter Kleider, hippie-schicker Outfits, flie\u00dfender Hosen und Accessoires im Boh\u00e8me-Stil zu entdecken.<\/p><\/div><\/div><\/div>\n\n<div class=\"columns has-vert-background-color has-background align-full\" style=\"background-color:var(--vert);\"><div class=\"columns__item fade-left media\"><div class=\"gallery height-adapt f-carousel fc-diapo-mob\" data-fancybox=\"gallery-mob\"><figure class=\"gallery__item\"><picture><source srcset=\"https:\/\/domainedelaplage.com\/wp-content\/uploads\/2025\/04\/AdobeStock_466999265-420x280.webp\" media=\"(max-width: 210px)\"><source srcset=\"https:\/\/domainedelaplage.com\/wp-content\/uploads\/2025\/04\/AdobeStock_466999265-850x566.webp\" media=\"(max-width: 420px)\"><source srcset=\"https:\/\/domainedelaplage.com\/wp-content\/uploads\/2025\/04\/AdobeStock_466999265-768x512.webp\" media=\"(max-width: 850px)\"><source srcset=\"https:\/\/domainedelaplage.com\/wp-content\/uploads\/2025\/04\/AdobeStock_466999265-1024x682.webp\" media=\"(max-width: 1024px)\"><source srcset=\"https:\/\/domainedelaplage.com\/wp-content\/uploads\/2025\/04\/AdobeStock_466999265.webp\" media=\"(min-width: 1025px)\"><img decoding=\"async\" src=\"https:\/\/domainedelaplage.com\/wp-content\/uploads\/2025\/04\/AdobeStock_466999265-420x280.webp\" width=\"420\" height=\"210\" loading=\"lazy\" alt=\"\" title=\"\"><\/picture><\/figure><\/div><\/div><div class=\"columns__item fade-right texte\"><h2>Ihr Haustier <span class=\"fc-span\">ist willkommen<\/span><\/h2><p    >Haustiere sind in unserem Anwesen in einigen Unterk\u00fcnften willkommen.<\/p><p    >Wir bitten Sie, sie an der Leine zu halten und sie nicht allein auf dem Campingplatz oder in den Unterk\u00fcnften zu lassen.<\/p><\/div><\/div>\n\n<div class=\"columns reverse-mob has-gris-background-color has-background align-full\" style=\"background-color:var(--gris);\"><div class=\"columns__item fade-left texte\"><h2>Genie\u00dfen Sie Ihren Aufenthalt <span class=\"fc-span\">mit unseren speziellen Dienstleistungen.<\/span><\/h2><p    >Brauchen Sie einen Rat oder eine Empfehlung? Unser Concierge hilft Ihnen gerne bei der Suche nach einem guten Restaurant, einem Arzt oder anderen n\u00fctzlichen Informationen. <\/p><p    >Um Ihnen die Abreise zu erleichtern, steht Ihnen an der Rezeption kostenlos ein Staubsauger zur Verf\u00fcgung. Wenn Sie einen entspannten Aufenthalt w\u00fcnschen, k\u00f6nnen Sie bei Ihrer Buchung oder vor Ihrer Abreise die Option &#8218;Reinigungspauschale&#8216; w\u00e4hlen. <\/p><div class=\"lireplus fc-mob\"><p    >Lesen Sie<\/p><div class=\"group\"><p  style=\"color: var(--blanc);\"  >Schlie\u00dflich bieten wir Ihnen ein Willkommenspaket mit einer Rolle Toilettenpapier, einem Schwamm, einem Ecolabel-Geschirrsp\u00fclmittel und einem M\u00fcllbeutel. Genie\u00dfen Sie Ihren Aufenthalt! <\/p><p  style=\"color: var(--blanc);\"  >Auf dem gesamten Campingplatz gibt es <strong>kostenloses WIFI<\/strong>.<\/p><\/div><\/div><\/div><div class=\"columns__item fade-right media\"><div class=\"gallery height-adapt f-carousel fc-diapo-mob\" data-fancybox=\"gallery-mob\"><figure class=\"gallery__item\"><picture><source srcset=\"https:\/\/domainedelaplage.com\/wp-content\/uploads\/2025\/04\/00001113480-420x315.webp\" media=\"(max-width: 210px)\"><source srcset=\"https:\/\/domainedelaplage.com\/wp-content\/uploads\/2025\/04\/00001113480-850x638.webp\" media=\"(max-width: 420px)\"><source srcset=\"https:\/\/domainedelaplage.com\/wp-content\/uploads\/2025\/04\/00001113480-768x576.webp\" media=\"(max-width: 850px)\"><source srcset=\"https:\/\/domainedelaplage.com\/wp-content\/uploads\/2025\/04\/00001113480-1024x768.webp\" media=\"(max-width: 1024px)\"><source srcset=\"https:\/\/domainedelaplage.com\/wp-content\/uploads\/2025\/04\/00001113480.webp\" media=\"(min-width: 1025px)\"><img decoding=\"async\" src=\"https:\/\/domainedelaplage.com\/wp-content\/uploads\/2025\/04\/00001113480-420x315.webp\" width=\"420\" height=\"210\" alt=\"camping premium en ard\u00e8che\" loading=\"lazy\" title=\"\"><\/picture><\/figure><\/div><\/div><\/div>\n\n<div class=\"group mini\"><h2 style=\"text-align: center;\">Beginnen Sie den Tag <span class=\"fc-span\">mit einem leckeren Fr\u00fchst\u00fcck.<\/span><\/h2><p  style=\"text-align: center;\"  >Da das Fr\u00fchst\u00fcck ein unverzichtbarer Teil des Urlaubs ist, ist es uns ein Anliegen, Ihnen einen geschmackvollen und fr\u00f6hlichen Start in den Tag zu bieten.<\/p><p  style=\"text-align: center;\"  >Wenn Sie am Vortag reservieren, k\u00f6nnen Sie ein k\u00f6stliches Fr\u00fchst\u00fcck mit frischem Brot und Geb\u00e4ck genie\u00dfen, das jeden Morgen von unserem \u00f6rtlichen B\u00e4cker geliefert wird.<\/p><\/div>","protected":false},"excerpt":{"rendered":"<p>Hochwertige Dienstleistungen f\u00fcr einen komfortablen Aufenthalt Es wird alles getan, um Ihren Aufenthalt so angenehm wie m\u00f6glich zu gestalten. Ob f\u00fcr Ihren Komfort, Ihre Entspannung oder Ihre t\u00e4glichen Bed\u00fcrfnisse, wir bieten Ihnen eine Vielzahl von Dienstleistungen, die Ihnen das Leben erleichtern und es Ihnen erm\u00f6glichen, Ihren Urlaub in vollen Z\u00fcgen zu genie\u00dfen. ImLebensmittelgesch\u00e4ft k\u00f6nnen Sie [&hellip;]<\/p>\n","protected":false},"author":1,"featured_media":0,"parent":0,"menu_order":0,"comment_status":"open","ping_status":"open","template":"","meta":{"_acf_changed":false,"footnotes":""},"acf":[],"_links":{"self":[{"href":"https:\/\/domainedelaplage.com\/de\/wp-json\/wp\/v2\/pages\/1330"}],"collection":[{"href":"https:\/\/domainedelaplage.com\/de\/wp-json\/wp\/v2\/pages"}],"about":[{"href":"https:\/\/domainedelaplage.com\/de\/wp-json\/wp\/v2\/types\/page"}],"author":[{"embeddable":true,"href":"https:\/\/domainedelaplage.com\/de\/wp-json\/wp\/v2\/users\/1"}],"replies":[{"embeddable":true,"href":"https:\/\/domainedelaplage.com\/de\/wp-json\/wp\/v2\/comments?post=1330"}],"version-history":[{"count":6,"href":"https:\/\/domainedelaplage.com\/de\/wp-json\/wp\/v2\/pages\/1330\/revisions"}],"predecessor-version":[{"id":2530,"href":"https:\/\/domainedelaplage.com\/de\/wp-json\/wp\/v2\/pages\/1330\/revisions\/2530"}],"wp:attachment":[{"href":"https:\/\/domainedelaplage.com\/de\/wp-json\/wp\/v2\/media?parent=1330"}],"curies":[{"name":"wp","href":"https:\/\/api.w.org\/{rel}","templated":true}]}}