{"id":1325,"date":"2025-03-27T16:47:37","date_gmt":"2025-03-27T15:47:37","guid":{"rendered":"https:\/\/domainedelaplage.com\/unsere-werte\/"},"modified":"2025-10-30T09:40:51","modified_gmt":"2025-10-30T08:40:51","slug":"unsere-werte","status":"publish","type":"page","link":"https:\/\/domainedelaplage.com\/de\/unsere-werte\/","title":{"rendered":"Unsere Werte"},"content":{"rendered":"<div class=\"diaporama-header align-full\"><div class=\"gallery\"><figure class=\"gallery__item\"><picture><source srcset=\"https:\/\/domainedelaplage.com\/wp-content\/uploads\/2025\/04\/AdobeStock_582239379-420x280.webp\" media=\"(max-width: 210px)\"><source srcset=\"https:\/\/domainedelaplage.com\/wp-content\/uploads\/2025\/04\/AdobeStock_582239379-850x567.webp\" media=\"(max-width: 420px)\"><source srcset=\"https:\/\/domainedelaplage.com\/wp-content\/uploads\/2025\/04\/AdobeStock_582239379-768x512.webp\" media=\"(max-width: 850px)\"><source srcset=\"https:\/\/domainedelaplage.com\/wp-content\/uploads\/2025\/04\/AdobeStock_582239379-1024x683.webp\" media=\"(max-width: 1024px)\"><source srcset=\"https:\/\/domainedelaplage.com\/wp-content\/uploads\/2025\/04\/AdobeStock_582239379.webp\" media=\"(min-width: 1025px)\"><img loading=\"lazy\" decoding=\"async\" src=\"https:\/\/domainedelaplage.com\/wp-content\/uploads\/2025\/04\/AdobeStock_582239379-420x280.webp\" width=\"420\" height=\"210\" alt=\"\" title=\"\"><\/picture><\/figure><\/div><\/div>\n\n<div class=\"columns reverse-mob has-gris-background-color has-background align-full\" style=\"background-color:var(--gris);\"><div class=\"columns__item fade-left media\"><div class=\"gallery height-adapt f-carousel fc-diapo-mob\" data-fancybox=\"gallery-mob\"><figure class=\"gallery__item\"><picture><source srcset=\"https:\/\/domainedelaplage.com\/wp-content\/uploads\/2025\/10\/AdobeStock_623491006-1-420x280.jpeg.webp\" media=\"(max-width: 210px)\"><source srcset=\"https:\/\/domainedelaplage.com\/wp-content\/uploads\/2025\/10\/AdobeStock_623491006-1-850x567.jpeg.webp\" media=\"(max-width: 420px)\"><source srcset=\"https:\/\/domainedelaplage.com\/wp-content\/uploads\/2025\/10\/AdobeStock_623491006-1-768x512.jpeg.webp\" media=\"(max-width: 850px)\"><source srcset=\"https:\/\/domainedelaplage.com\/wp-content\/uploads\/2025\/10\/AdobeStock_623491006-1-1024x683.jpeg.webp\" media=\"(max-width: 1024px)\"><source srcset=\"https:\/\/domainedelaplage.com\/wp-content\/uploads\/2025\/10\/AdobeStock_623491006-1-scaled.jpeg.webp\" media=\"(min-width: 1025px)\"><img decoding=\"async\" src=\"https:\/\/domainedelaplage.com\/wp-content\/uploads\/2025\/10\/AdobeStock_623491006-1-420x280.jpeg.webp\" width=\"420\" height=\"210\" loading=\"lazy\" alt=\"\" title=\"\"><\/picture><\/figure><\/div><\/div><div class=\"columns__item fade-right texte\"><h2 style=\"color: var(--blanc);\">Warum ein Campingplatz nur f\u00fcr Erwachsene (ab 16 Jahren)?<\/h2><p  style=\"color: var(--blanc);\"  >Auf der Domaine de la Plage haben wir einen einzigartigen Ort geschaffen, der f\u00fcr Erwachsene (ab 16 Jahren) gedacht ist, die Ruhe, Natur und Beschaulichkeit suchen.<\/p><p  style=\"color: var(--blanc);\"  >Hier ist alles darauf ausgerichtet, Entspannung, Selbstfindung und die Freude an der Stille zu f\u00f6rdern, und das in einer atemberaubenden Naturlandschaft am Ufer der Ard\u00e8che.<\/p><p  style=\"color: var(--blanc);\"  >Unser Konzept richtet sich an alle, die eine erholsame Auszeit fernab vom Trubel eines Familienurlaubs, von Geschrei und lauten Animationsprogrammen verbringen m\u00f6chten. Die Entscheidung f\u00fcr einen gem\u00e4chlicheren Rhythmus, in dem die Zeit endlich ihre Zeit nimmt und Ruhe zu einer echten Lebenskunst wird.<\/p><p  style=\"color: var(--blanc);\"  >Es handelt sich weder um einen Club noch um einen Themenpark, sondern einfach um einen eleganten und einladenden R\u00fcckzugsort, der allen Erwachsenen (ab 16 Jahren) offensteht, die in einer friedlichen und ruhigen Atmosph\u00e4re neue Energie tanken m\u00f6chten.<\/p><\/div><\/div>\n\n<div class=\"columns align-full\"><div class=\"columns__item fade-left texte\"><h1>Ein freundlicher <span class=\"fc-span\">und menschlicher Empfang<\/span><\/h1><p    >Gastfreundschaft ist unsere Priorit\u00e4t!<\/p><p    >Wir nehmen uns die Zeit, Sie mit <strong>Wohlwollen und Einfachheit<\/strong> zu empfangen, ohne aufdringlich zu sein. Dank der \u00fcberschaubaren Gr\u00f6\u00dfe des Anwesens wird jeder Besucher als ein privilegierter Gast betrachtet.<\/p><p    >Wir stehen Ihnen gerne mit Rat und Tat zur Seite und teilen mit Ihnen unsere Favoriten in der Region.<\/p><p    >Unser Ansatz ist einfach: Sie sollen sich <strong>bei uns wie zu<\/strong> Hause f\u00fchlen, damit Sie sich wie zu Hause f\u00fchlen!<\/p><\/div><div class=\"columns__item fade-right media\"><div class=\"gallery height-adapt f-carousel fc-diapo-mob\" data-fancybox=\"gallery-mob\"><figure class=\"gallery__item\"><picture><source srcset=\"https:\/\/domainedelaplage.com\/wp-content\/uploads\/2025\/04\/AdobeStock_423379411-420x279.webp\" media=\"(max-width: 210px)\"><source srcset=\"https:\/\/domainedelaplage.com\/wp-content\/uploads\/2025\/04\/AdobeStock_423379411-850x565.webp\" media=\"(max-width: 420px)\"><source srcset=\"https:\/\/domainedelaplage.com\/wp-content\/uploads\/2025\/04\/AdobeStock_423379411-768x511.webp\" media=\"(max-width: 850px)\"><source srcset=\"https:\/\/domainedelaplage.com\/wp-content\/uploads\/2025\/04\/AdobeStock_423379411-1024x681.webp\" media=\"(max-width: 1024px)\"><source srcset=\"https:\/\/domainedelaplage.com\/wp-content\/uploads\/2025\/04\/AdobeStock_423379411.webp\" media=\"(min-width: 1025px)\"><img decoding=\"async\" src=\"https:\/\/domainedelaplage.com\/wp-content\/uploads\/2025\/04\/AdobeStock_423379411-420x279.webp\" width=\"420\" height=\"210\" loading=\"lazy\" alt=\"\" title=\"\"><\/picture><\/figure><\/div><\/div><\/div>\n\n<div class=\"columns reverse-mob has-gris-background-color has-background align-full\" style=\"background-color:var(--gris);\"><div class=\"columns__item fade-left media\"><div class=\"gallery height-adapt f-carousel fc-diapo-mob\" data-fancybox=\"gallery-mob\"><figure class=\"gallery__item\"><picture><source srcset=\"https:\/\/domainedelaplage.com\/wp-content\/uploads\/2025\/04\/AdobeStock_1241139032-420x236.webp\" media=\"(max-width: 210px)\"><source srcset=\"https:\/\/domainedelaplage.com\/wp-content\/uploads\/2025\/04\/AdobeStock_1241139032-850x478.webp\" media=\"(max-width: 420px)\"><source srcset=\"https:\/\/domainedelaplage.com\/wp-content\/uploads\/2025\/04\/AdobeStock_1241139032-768x432.webp\" media=\"(max-width: 850px)\"><source srcset=\"https:\/\/domainedelaplage.com\/wp-content\/uploads\/2025\/04\/AdobeStock_1241139032-1024x576.webp\" media=\"(max-width: 1024px)\"><source srcset=\"https:\/\/domainedelaplage.com\/wp-content\/uploads\/2025\/04\/AdobeStock_1241139032.webp\" media=\"(min-width: 1025px)\"><img decoding=\"async\" src=\"https:\/\/domainedelaplage.com\/wp-content\/uploads\/2025\/04\/AdobeStock_1241139032-420x236.webp\" width=\"420\" height=\"210\" loading=\"lazy\" alt=\"\" title=\"\"><\/picture><\/figure><\/div><\/div><div class=\"columns__item fade-right texte\"><h2 style=\"color: var(--blanc);\">Unser Engagement <span class=\"fc-span\">f\u00fcr einen perfekten Aufenthalt<\/span><\/h2><p  style=\"color: var(--blanc);\"  >Herzlicher Empfang: Gastfreundschaft, Verf\u00fcgbarkeit, R\u00fccksichtnahme und Effizienz sind Gegenstand der besonderen Aufmerksamkeit des gesamten Teams, um Ihnen einen ruhigen, angenehmen und freundlichen Aufenthalt zu erm\u00f6glichen.<\/p><p  style=\"color: var(--blanc);\"  >Sauberkeit: W\u00e4hrend der gesamten \u00d6ffnungszeiten wird \u00fcberall auf dem Campingplatz f\u00fcr Sauberkeit und Hygiene gesorgt. Vom Empfang \u00fcber den Pool bis hin zu den Sanit\u00e4ranlagen und den Wegen des Campingplatzes ist alles tadellos.<\/p><div class=\"lireplus fc-mob\"><p  style=\"color: var(--blanc);\"  >Lesen Sie<\/p><div class=\"group\"><p  style=\"color: var(--blanc);\"  >Pr\u00e4zise und wahrheitsgetreue Informationen: Wir stellen Ihnen vollst\u00e4ndige, klare und genaue Informationen zur Verf\u00fcgung (genaue Beschreibung der Einrichtungen, \u00d6ffnungszeiten und \u00d6ffnungszeiten der Rezeption, der verschiedenen Dienstleistungen und Aktivit\u00e4ten).<\/p><div class=\"lireplus fc-desk\"><p  style=\"color: var(--blanc);\"  >Lesen Sie<\/p><div class=\"group\"><p  style=\"color: var(--blanc);\"  >Gepflegte private Lage: Wir ergreifen die notwendigen Ma\u00dfnahmen, um eine private Lage zu bieten und die Ruhe auf dem Grundst\u00fcck zu gew\u00e4hrleisten. Die Anlage ist geschmackvoll und \u00e4sthetisch gestaltet, so dass sie sich gut in den Ort und die Umgebung einf\u00fcgt.<br><br>Die Umwelt wird aufgewertet und respektiert: Wir verpflichten uns, die Natur und die Umwelt zu erhalten, das Anwesen mit Respekt, Schutz und der Suche nach geeigneten Umweltl\u00f6sungen einzurichten. Damit tragen sie zur Erhaltung einer zunehmend bedrohten Umwelt bei.<br><br>\u00d6kologische Verantwortung: Wir verwalten unser Anwesen auf nachhaltige und \u00f6kologisch verantwortliche Weise. \u00d6kologische und umweltfreundliche L\u00f6sungen werden f\u00fcr das Anwesen genutzt: Abfallmanagement, Nutzung erneuerbarer Energien (Sonnenkollektoren f\u00fcr die Beheizung des Pools), Wasserz\u00e4hler.<\/p><\/div><\/div><\/div><\/div><\/div><\/div>\n\n<div class=\"columns has-blanc-background-color has-background align-full\" style=\"background-color:var(--blanc);\"><div class=\"columns__item fade-right texte\"><h2 style=\"color: var(--gris);\">Authentizit\u00e4t <span class=\"fc-span\">auf den Punkt gebracht<\/span><\/h2><p  style=\"color: var(--gris);\"  >Unser Landgut ist eine <strong>Oase der Ruhe<\/strong>, in der die Natur K\u00f6nig ist.<\/p><p  style=\"color: var(--gris);\"  >Mit einem direkten Zugang zum Fluss k\u00f6nnen Sie das k\u00fchle Wasser und die unber\u00fchrte Landschaft der Ard\u00e8che genie\u00dfen.<\/p><p  style=\"color: var(--gris);\"  >Es liegt uns am Herzen, <strong>die Seele des Ortes zu bewahren<\/strong> und Ihnen eine Umgebung zu zeigen, in der Natur und Ruhe harmonisch miteinander verschmelzen.<\/p><\/div><div class=\"columns__item fade-left media\"><div class=\"gallery height-adapt f-carousel fc-diapo-mob\" data-fancybox=\"gallery-mob\"><figure class=\"gallery__item\"><picture><source srcset=\"https:\/\/domainedelaplage.com\/wp-content\/uploads\/2025\/04\/AdobeStock_88306976-420x280.webp\" media=\"(max-width: 210px)\"><source srcset=\"https:\/\/domainedelaplage.com\/wp-content\/uploads\/2025\/04\/AdobeStock_88306976-850x567.webp\" media=\"(max-width: 420px)\"><source srcset=\"https:\/\/domainedelaplage.com\/wp-content\/uploads\/2025\/04\/AdobeStock_88306976-768x512.webp\" media=\"(max-width: 850px)\"><source srcset=\"https:\/\/domainedelaplage.com\/wp-content\/uploads\/2025\/04\/AdobeStock_88306976-1024x683.webp\" media=\"(max-width: 1024px)\"><source srcset=\"https:\/\/domainedelaplage.com\/wp-content\/uploads\/2025\/04\/AdobeStock_88306976.webp\" media=\"(min-width: 1025px)\"><img decoding=\"async\" src=\"https:\/\/domainedelaplage.com\/wp-content\/uploads\/2025\/04\/AdobeStock_88306976-420x280.webp\" width=\"420\" height=\"210\" loading=\"lazy\" alt=\"\" title=\"\"><\/picture><\/figure><\/div><\/div><\/div>\n\n<div class=\"columns reverse-mob has-gris-background-color has-background align-full\" style=\"background-color:var(--gris);\"><div class=\"columns__item fade-right media\"><div class=\"gallery height-adapt f-carousel fc-diapo-mob\" data-fancybox=\"gallery-mob\"><figure class=\"gallery__item\"><picture><source srcset=\"https:\/\/domainedelaplage.com\/wp-content\/uploads\/2025\/04\/AdobeStock_223782213-420x280.webp\" media=\"(max-width: 210px)\"><source srcset=\"https:\/\/domainedelaplage.com\/wp-content\/uploads\/2025\/04\/AdobeStock_223782213-850x566.webp\" media=\"(max-width: 420px)\"><source srcset=\"https:\/\/domainedelaplage.com\/wp-content\/uploads\/2025\/04\/AdobeStock_223782213-768x512.webp\" media=\"(max-width: 850px)\"><source srcset=\"https:\/\/domainedelaplage.com\/wp-content\/uploads\/2025\/04\/AdobeStock_223782213-1024x682.webp\" media=\"(max-width: 1024px)\"><source srcset=\"https:\/\/domainedelaplage.com\/wp-content\/uploads\/2025\/04\/AdobeStock_223782213.webp\" media=\"(min-width: 1025px)\"><img decoding=\"async\" src=\"https:\/\/domainedelaplage.com\/wp-content\/uploads\/2025\/04\/AdobeStock_223782213-420x280.webp\" width=\"420\" height=\"210\" loading=\"lazy\" alt=\"\" title=\"\"><\/picture><\/figure><\/div><\/div><div class=\"columns__item fade-left texte\"><h2 style=\"color: var(--blanc);\">Ihre Oase der Ruhe <span class=\"fc-span\">im Herzen der s\u00fcdlichen Ard\u00e8che<\/span><\/h2><p  style=\"color: var(--blanc);\"  >In der Domaine de la Plage ist jeder Augenblick, den Sie bei uns verbringen, eine Einladung zum <strong>Entspannen<\/strong> und Entdecken.<\/p><p  style=\"color: var(--blanc);\"  >Das Geb\u00e4ude ist eine ehemalige Seidenraupenmanufaktur. Wir m\u00f6chten die Pracht des Geb\u00e4udes erhalten, indem wir das Bestehende an seinem Platz lassen.<\/p><div class=\"lireplus fc-mob\"><p  style=\"color: var(--blanc);\"  >Lesen Sie<\/p><div class=\"group\"><p  style=\"color: var(--blanc);\"  >In einer \u00fcberschaubaren Umgebung tun wir alles, damit Sie sich <strong>wie zu Hause<\/strong> f\u00fchlen, sei es f\u00fcr einen Aufenthalt mit allem Komfort in unseren Mobilheimen oder f\u00fcr ein authentisches Erlebnis inmitten der Natur.<\/p><\/div><\/div><\/div><\/div>\n\n<div class=\"columns has-blanc-background-color has-background align-full\" style=\"background-color:var(--blanc);\"><div class=\"columns__item\" style=\"flex-basis:100%;\"><div class=\"group mini\"><h2 style=\"text-align: center;color: var(--gris);\">Komfort, der Ihren <span class=\"fc-span\">Erwartungen entspricht<\/span><\/h2><p  style=\"text-align: center;color: var(--gris);\"  >Die <strong>Domaine de la Plage<\/strong> bietet hochwertige Unterk\u00fcnfte f\u00fcr jeden Geschmack: komfortable Mobilheime, Chalets oder Stellpl\u00e4tze inmitten der Natur f\u00fcr ein authentisches Erlebnis.<\/p><p  style=\"text-align: center;color: var(--gris);\"  >Unser Service ist darauf ausgerichtet, Ihre Bed\u00fcrfnisse zu antizipieren und Ihnen <strong>einen sorgenfreien Aufenthalt<\/strong> zu erm\u00f6glichen: direkter Zugang zum Fluss, beheiztes Schwimmbad, Qualit\u00e4tsrestaurants und moderne Infrastruktur.<\/p><div class=\"lireplus fc-desk\"><p  style=\"text-align: center;color: var(--gris);\"  >Lesen Sie<\/p><div class=\"group\"><p  style=\"text-align: center;color: var(--gris);\"  ><strong>Unser Engagement<\/strong> f\u00fcr Ihr Wohlbefinden zeigt sich auch in der tadellosen Sauberkeit und der gepflegten Umgebung.<\/p><\/div><\/div><\/div><\/div><\/div>","protected":false},"excerpt":{"rendered":"<p>Warum ein Campingplatz nur f\u00fcr Erwachsene (ab 16 Jahren)? Auf der Domaine de la Plage haben wir einen einzigartigen Ort geschaffen, der f\u00fcr Erwachsene (ab 16 Jahren) gedacht ist, die Ruhe, Natur und Beschaulichkeit suchen. Hier ist alles darauf ausgerichtet, Entspannung, Selbstfindung und die Freude an der Stille zu f\u00f6rdern, und das in einer atemberaubenden [&hellip;]<\/p>\n","protected":false},"author":1,"featured_media":0,"parent":0,"menu_order":0,"comment_status":"open","ping_status":"open","template":"","meta":{"_acf_changed":false,"footnotes":""},"acf":[],"_links":{"self":[{"href":"https:\/\/domainedelaplage.com\/de\/wp-json\/wp\/v2\/pages\/1325"}],"collection":[{"href":"https:\/\/domainedelaplage.com\/de\/wp-json\/wp\/v2\/pages"}],"about":[{"href":"https:\/\/domainedelaplage.com\/de\/wp-json\/wp\/v2\/types\/page"}],"author":[{"embeddable":true,"href":"https:\/\/domainedelaplage.com\/de\/wp-json\/wp\/v2\/users\/1"}],"replies":[{"embeddable":true,"href":"https:\/\/domainedelaplage.com\/de\/wp-json\/wp\/v2\/comments?post=1325"}],"version-history":[{"count":3,"href":"https:\/\/domainedelaplage.com\/de\/wp-json\/wp\/v2\/pages\/1325\/revisions"}],"predecessor-version":[{"id":1981,"href":"https:\/\/domainedelaplage.com\/de\/wp-json\/wp\/v2\/pages\/1325\/revisions\/1981"}],"wp:attachment":[{"href":"https:\/\/domainedelaplage.com\/de\/wp-json\/wp\/v2\/media?parent=1325"}],"curies":[{"name":"wp","href":"https:\/\/api.w.org\/{rel}","templated":true}]}}